{"id":64,"date":"2021-09-09T23:05:18","date_gmt":"2021-09-09T23:05:18","guid":{"rendered":"https:\/\/wp-sites.ccci.org\/operationtransit\/?page_id=64"},"modified":"2026-01-22T14:14:05","modified_gmt":"2026-01-22T12:14:05","slug":"pray","status":"publish","type":"page","link":"https:\/\/optransit.net\/fr\/pray\/","title":{"rendered":"Prier"},"content":{"rendered":"<div data-elementor-type=\"wp-page\" data-elementor-id=\"64\" class=\"elementor elementor-64\" data-elementor-post-type=\"page\">\n\t\t\t\t\t\t<section class=\"elementor-section elementor-top-section elementor-element elementor-element-5345e04b elementor-section-full_width elementor-section-height-default elementor-section-height-default\" data-id=\"5345e04b\" data-element_type=\"section\">\n\t\t\t\t\t\t<div class=\"elementor-container elementor-column-gap-default\">\n\t\t\t\t\t<div class=\"elementor-column elementor-col-100 elementor-top-column elementor-element elementor-element-2ddfeea\" data-id=\"2ddfeea\" data-element_type=\"column\" data-settings=\"{&quot;background_background&quot;:&quot;classic&quot;}\">\n\t\t\t<div class=\"elementor-widget-wrap elementor-element-populated\">\n\t\t\t\t\t<div class=\"elementor-background-overlay\"><\/div>\n\t\t\t\t\t\t<div class=\"elementor-element elementor-element-435016d8 elementor-widget elementor-widget-spacer\" data-id=\"435016d8\" data-element_type=\"widget\" data-widget_type=\"spacer.default\">\n\t\t\t\t<div class=\"elementor-widget-container\">\n\t\t\t\t\t\t\t<div class=\"elementor-spacer\">\n\t\t\t<div class=\"elementor-spacer-inner\"><\/div>\n\t\t<\/div>\n\t\t\t\t\t\t<\/div>\n\t\t\t\t<\/div>\n\t\t\t\t<section class=\"elementor-section elementor-inner-section elementor-element elementor-element-65a8e95e elementor-section-boxed elementor-section-height-default elementor-section-height-default\" data-id=\"65a8e95e\" data-element_type=\"section\">\n\t\t\t\t\t\t<div class=\"elementor-container elementor-column-gap-default\">\n\t\t\t\t\t<div class=\"elementor-column elementor-col-100 elementor-inner-column elementor-element elementor-element-326e8965\" data-id=\"326e8965\" data-element_type=\"column\">\n\t\t\t<div class=\"elementor-widget-wrap elementor-element-populated\">\n\t\t\t\t\t\t<div class=\"elementor-element elementor-element-55f2e1ed elementor-widget elementor-widget-heading\" data-id=\"55f2e1ed\" data-element_type=\"widget\" data-widget_type=\"heading.default\">\n\t\t\t\t<div class=\"elementor-widget-container\">\n\t\t\t\t\t<h1 class=\"elementor-heading-title elementor-size-default\">Recevoir des mises \u00e0 jour de pri\u00e8re mensuelles<\/h1>\t\t\t\t<\/div>\n\t\t\t\t<\/div>\n\t\t\t\t\t<\/div>\n\t\t<\/div>\n\t\t\t\t\t<\/div>\n\t\t<\/section>\n\t\t\t\t\t<\/div>\n\t\t<\/div>\n\t\t\t\t\t<\/div>\n\t\t<\/section>\n\t\t\t\t<section class=\"elementor-section elementor-top-section elementor-element elementor-element-1d359a6 elementor-section-boxed elementor-section-height-default elementor-section-height-default\" data-id=\"1d359a6\" data-element_type=\"section\">\n\t\t\t\t\t\t<div class=\"elementor-container elementor-column-gap-default\">\n\t\t\t\t\t<div class=\"elementor-column elementor-col-100 elementor-top-column elementor-element elementor-element-4b54367\" data-id=\"4b54367\" data-element_type=\"column\">\n\t\t\t<div class=\"elementor-widget-wrap elementor-element-populated\">\n\t\t\t\t\t\t<div class=\"elementor-element elementor-element-17b8478 elementor-widget elementor-widget-spacer\" data-id=\"17b8478\" data-element_type=\"widget\" data-widget_type=\"spacer.default\">\n\t\t\t\t<div class=\"elementor-widget-container\">\n\t\t\t\t\t\t\t<div class=\"elementor-spacer\">\n\t\t\t<div class=\"elementor-spacer-inner\"><\/div>\n\t\t<\/div>\n\t\t\t\t\t\t<\/div>\n\t\t\t\t<\/div>\n\t\t\t\t<section class=\"elementor-section elementor-inner-section elementor-element elementor-element-e3f592d elementor-section-boxed elementor-section-height-default elementor-section-height-default\" data-id=\"e3f592d\" data-element_type=\"section\">\n\t\t\t\t\t\t<div class=\"elementor-container elementor-column-gap-default\">\n\t\t\t\t\t<div class=\"elementor-column elementor-col-50 elementor-inner-column elementor-element elementor-element-233163a\" data-id=\"233163a\" data-element_type=\"column\">\n\t\t\t<div class=\"elementor-widget-wrap elementor-element-populated\">\n\t\t\t\t\t\t<div class=\"elementor-element elementor-element-b3e4ad8 elementor-widget elementor-widget-image\" data-id=\"b3e4ad8\" data-element_type=\"widget\" data-widget_type=\"image.default\">\n\t\t\t\t<div class=\"elementor-widget-container\">\n\t\t\t\t\t\t\t\t\t\t\t\t\t\t\t<img decoding=\"async\" src=\"https:\/\/optransit.net\/wp-content\/uploads\/sites\/344\/2021\/09\/pray.jpeg?w=250\" title=\"pray\" alt=\"pray\" loading=\"lazy\" \/>\t\t\t\t\t\t\t\t\t\t\t\t\t\t\t<\/div>\n\t\t\t\t<\/div>\n\t\t\t\t\t<\/div>\n\t\t<\/div>\n\t\t\t\t<div class=\"elementor-column elementor-col-50 elementor-inner-column elementor-element elementor-element-f180060\" data-id=\"f180060\" data-element_type=\"column\">\n\t\t\t<div class=\"elementor-widget-wrap elementor-element-populated\">\n\t\t\t\t\t\t<div class=\"elementor-element elementor-element-78df985 elementor-widget elementor-widget-text-editor\" data-id=\"78df985\" data-element_type=\"widget\" data-widget_type=\"text-editor.default\">\n\t\t\t\t<div class=\"elementor-widget-container\">\n\t\t\t\t\t\t\t\t\t<p style=\"text-align: center\"><span style=\"font-size: x-large\"><span style=\"color: #474437\"><strong>Mises \u00e0 jour mensuelles de la pri\u00e8re<br \/><\/strong><\/span><\/span><span style=\"color: #474437\"><span style=\"font-size: medium\">chaque semaine de juin \u00e0 ao\u00fbt<\/span><\/span><\/p>\t\t\t\t\t\t\t\t<\/div>\n\t\t\t\t<\/div>\n\t\t\t\t<div class=\"elementor-element elementor-element-e56254a elementor-align-center elementor-widget elementor-widget-button\" data-id=\"e56254a\" data-element_type=\"widget\" data-widget_type=\"button.default\">\n\t\t\t\t<div class=\"elementor-widget-container\">\n\t\t\t\t\t\t\t\t\t<div class=\"elementor-button-wrapper\">\n\t\t\t\t\t<a class=\"elementor-button elementor-button-link elementor-size-lg\" href=\"mailto:ports@diasporaministry.es\">\n\t\t\t\t\t\t<span class=\"elementor-button-content-wrapper\">\n\t\t\t\t\t\t\t\t\t<span class=\"elementor-button-text\">ports@diasporaministry.es<\/span>\n\t\t\t\t\t<\/span>\n\t\t\t\t\t<\/a>\n\t\t\t\t<\/div>\n\t\t\t\t\t\t\t\t<\/div>\n\t\t\t\t<\/div>\n\t\t\t\t\t<\/div>\n\t\t<\/div>\n\t\t\t\t\t<\/div>\n\t\t<\/section>\n\t\t\t\t<div class=\"elementor-element elementor-element-b98838e elementor-widget elementor-widget-spacer\" data-id=\"b98838e\" data-element_type=\"widget\" data-widget_type=\"spacer.default\">\n\t\t\t\t<div class=\"elementor-widget-container\">\n\t\t\t\t\t\t\t<div class=\"elementor-spacer\">\n\t\t\t<div class=\"elementor-spacer-inner\"><\/div>\n\t\t<\/div>\n\t\t\t\t\t\t<\/div>\n\t\t\t\t<\/div>\n\t\t\t\t<div class=\"elementor-element elementor-element-0d1bc1b elementor-widget elementor-widget-text-editor\" data-id=\"0d1bc1b\" data-element_type=\"widget\" data-widget_type=\"text-editor.default\">\n\t\t\t\t<div class=\"elementor-widget-container\">\n\t\t\t\t\t\t\t\t\t<p>Tout en donnant des instructions pour un projet \u00e0 court terme, <span style=\"color: #3f3f3f\">\"... Il [J\u00e9sus] leur disait:\u00a0<\/span><strong><span style=\"color: #3f3f3f\">'La moisson est abondante, mais les ouvriers sont peu nombreux, implorez donc le Seigneur de la moisson d'envoyer des ouvriers dans sa moisson. '\"- Luc 10: 2<\/span><\/strong><\/p><p>Priez pour que les ouvriers aident \u00e0 atteindre la r\u00e9colte. Des centaines sont n\u00e9cessaires pour des sessions de 12 jours pendant les mois d'\u00e9t\u00e9. Beaucoup sont n\u00e9cessaires pendant un \u00e0 deux mois de l'\u00e9t\u00e9 pour aider \u00e0 diriger les participants \u00e0 la session. Des \u00e9quipes similaires sont n\u00e9cessaires tout au long des mois non d'\u00e9t\u00e9 en Espagne et en France.<\/p><p>Priez pour les fruits de la distribution. Beaucoup sont venus au Christ par les seuls mat\u00e9riaux. Beaucoup d'autres ont eu le c\u0153ur pr\u00e9par\u00e9 par le Saint-Esprit en utilisant les mat\u00e9riaux.<\/p><p>Priez pour le fruit de l'\u00e9vang\u00e9lisation, afin que \u00abcelui qui s\u00e8me et celui qui r\u00e9colte se r\u00e9jouissent ensemble\u00bb.<\/p><p>Priez pour le fruit du suivi.<\/p><p>Priez pour que tous les contacts int\u00e9ress\u00e9s aient quelqu'un pr\u00e8s de chez eux pour les rencontrer et les aider \u00e0 conna\u00eetre le Christ et, une fois qu'ils ont re\u00e7u le Christ, \u00e0 mieux le conna\u00eetre.<\/p><p>Priez pour que beaucoup de ceux qui viennent au Christ par le biais des activit\u00e9s d'Op\u00e9ration Transit continuent \u00e0 porter eux-m\u00eames du fruit. Priez pour que les \u00e9quipes de 2 ou 3 pays d'Afrique du Nord participent aux activit\u00e9s de l'Op\u00e9ration Transit 2019.<\/p><p>Priez pour que chaque Nord-Africain connaisse personnellement quelqu'un qui conna\u00eet J\u00e9sus.<\/p>\t\t\t\t\t\t\t\t<\/div>\n\t\t\t\t<\/div>\n\t\t\t\t\t<\/div>\n\t\t<\/div>\n\t\t\t\t\t<\/div>\n\t\t<\/section>\n\t\t\t\t<\/div>","protected":false},"excerpt":{"rendered":"<p>Receive Monthly Prayer Updates Monthly Prayer Updatesweekly June through August ports@diasporaministry.es While giving instructions for a short-term project &#8220;&#8230;He [Jesus] was saying to them,\u00a0&#8216;The harvest is plentiful, but the laborers are few; therefore beseech the Lord of the harvest to send out laborers into His harvest.&#8217;&#8221; &#8211; Luke 10:2 Pray for workers to help reach [&hellip;]<\/p>","protected":false},"author":33809,"featured_media":0,"parent":0,"menu_order":0,"comment_status":"closed","ping_status":"closed","template":"","meta":{"site-sidebar-layout":"no-sidebar","site-content-layout":"page-builder","ast-site-content-layout":"default","site-content-style":"default","site-sidebar-style":"default","ast-global-header-display":"","ast-banner-title-visibility":"","ast-main-header-display":"","ast-hfb-above-header-display":"","ast-hfb-below-header-display":"","ast-hfb-mobile-header-display":"","site-post-title":"disabled","ast-breadcrumbs-content":"","ast-featured-img":"disabled","footer-sml-layout":"","ast-disable-related-posts":"","theme-transparent-header-meta":"default","adv-header-id-meta":"","stick-header-meta":"","header-above-stick-meta":"","header-main-stick-meta":"","header-below-stick-meta":"","astra-migrate-meta-layouts":"default","ast-page-background-enabled":"default","ast-page-background-meta":{"desktop":{"background-color":"","background-image":"","background-repeat":"repeat","background-position":"center center","background-size":"auto","background-attachment":"scroll","background-type":"","background-media":"","overlay-type":"","overlay-color":"","overlay-opacity":"","overlay-gradient":""},"tablet":{"background-color":"","background-image":"","background-repeat":"repeat","background-position":"center center","background-size":"auto","background-attachment":"scroll","background-type":"","background-media":"","overlay-type":"","overlay-color":"","overlay-opacity":"","overlay-gradient":""},"mobile":{"background-color":"","background-image":"","background-repeat":"repeat","background-position":"center center","background-size":"auto","background-attachment":"scroll","background-type":"","background-media":"","overlay-type":"","overlay-color":"","overlay-opacity":"","overlay-gradient":""}},"ast-content-background-meta":{"desktop":{"background-color":"var(--ast-global-color-5)","background-image":"","background-repeat":"repeat","background-position":"center center","background-size":"auto","background-attachment":"scroll","background-type":"","background-media":"","overlay-type":"","overlay-color":"","overlay-opacity":"","overlay-gradient":""},"tablet":{"background-color":"var(--ast-global-color-5)","background-image":"","background-repeat":"repeat","background-position":"center center","background-size":"auto","background-attachment":"scroll","background-type":"","background-media":"","overlay-type":"","overlay-color":"","overlay-opacity":"","overlay-gradient":""},"mobile":{"background-color":"var(--ast-global-color-5)","background-image":"","background-repeat":"repeat","background-position":"center center","background-size":"auto","background-attachment":"scroll","background-type":"","background-media":"","overlay-type":"","overlay-color":"","overlay-opacity":"","overlay-gradient":""}},"footnotes":""},"class_list":["post-64","page","type-page","status-publish","hentry"],"jetpack_sharing_enabled":true,"meta_box":[],"_links":{"self":[{"href":"https:\/\/optransit.net\/fr\/wp-json\/wp\/v2\/pages\/64","targetHints":{"allow":["GET"]}}],"collection":[{"href":"https:\/\/optransit.net\/fr\/wp-json\/wp\/v2\/pages"}],"about":[{"href":"https:\/\/optransit.net\/fr\/wp-json\/wp\/v2\/types\/page"}],"author":[{"embeddable":true,"href":"https:\/\/optransit.net\/fr\/wp-json\/wp\/v2\/users\/33809"}],"replies":[{"embeddable":true,"href":"https:\/\/optransit.net\/fr\/wp-json\/wp\/v2\/comments?post=64"}],"version-history":[{"count":47,"href":"https:\/\/optransit.net\/fr\/wp-json\/wp\/v2\/pages\/64\/revisions"}],"predecessor-version":[{"id":958,"href":"https:\/\/optransit.net\/fr\/wp-json\/wp\/v2\/pages\/64\/revisions\/958"}],"wp:attachment":[{"href":"https:\/\/optransit.net\/fr\/wp-json\/wp\/v2\/media?parent=64"}],"curies":[{"name":"wp","href":"https:\/\/api.w.org\/{rel}","templated":true}]}}