{"id":58,"date":"2021-09-09T22:58:57","date_gmt":"2021-09-09T22:58:57","guid":{"rendered":"https:\/\/wp-sites.ccci.org\/operationtransit\/?page_id=58"},"modified":"2021-10-21T12:53:59","modified_gmt":"2021-10-21T12:53:59","slug":"purpose","status":"publish","type":"page","link":"https:\/\/optransit.net\/fr\/purpose\/","title":{"rendered":"Objectif"},"content":{"rendered":"<div data-elementor-type=\"wp-page\" data-elementor-id=\"58\" class=\"elementor elementor-58\" data-elementor-post-type=\"page\">\n\t\t\t\t\t\t<section class=\"elementor-section elementor-top-section elementor-element elementor-element-66082a03 elementor-section-full_width elementor-section-height-default elementor-section-height-default\" data-id=\"66082a03\" data-element_type=\"section\">\n\t\t\t\t\t\t<div class=\"elementor-container elementor-column-gap-default\">\n\t\t\t\t\t<div class=\"elementor-column elementor-col-100 elementor-top-column elementor-element elementor-element-12184fef\" data-id=\"12184fef\" data-element_type=\"column\" data-settings=\"{&quot;background_background&quot;:&quot;classic&quot;}\">\n\t\t\t<div class=\"elementor-widget-wrap elementor-element-populated\">\n\t\t\t\t\t<div class=\"elementor-background-overlay\"><\/div>\n\t\t\t\t\t\t<div class=\"elementor-element elementor-element-5a6cf5b1 elementor-widget elementor-widget-spacer\" data-id=\"5a6cf5b1\" data-element_type=\"widget\" data-widget_type=\"spacer.default\">\n\t\t\t\t<div class=\"elementor-widget-container\">\n\t\t\t\t\t\t\t<div class=\"elementor-spacer\">\n\t\t\t<div class=\"elementor-spacer-inner\"><\/div>\n\t\t<\/div>\n\t\t\t\t\t\t<\/div>\n\t\t\t\t<\/div>\n\t\t\t\t<section class=\"elementor-section elementor-inner-section elementor-element elementor-element-3f01c214 elementor-section-boxed elementor-section-height-default elementor-section-height-default\" data-id=\"3f01c214\" data-element_type=\"section\">\n\t\t\t\t\t\t<div class=\"elementor-container elementor-column-gap-default\">\n\t\t\t\t\t<div class=\"elementor-column elementor-col-100 elementor-inner-column elementor-element elementor-element-732ce0ff\" data-id=\"732ce0ff\" data-element_type=\"column\">\n\t\t\t<div class=\"elementor-widget-wrap elementor-element-populated\">\n\t\t\t\t\t\t<div class=\"elementor-element elementor-element-2afe812b elementor-widget elementor-widget-heading\" data-id=\"2afe812b\" data-element_type=\"widget\" data-widget_type=\"heading.default\">\n\t\t\t\t<div class=\"elementor-widget-container\">\n\t\t\t\t\t<h1 class=\"elementor-heading-title elementor-size-default\">Suivre l'approche de J\u00e9sus<\/h1>\t\t\t\t<\/div>\n\t\t\t\t<\/div>\n\t\t\t\t\t<\/div>\n\t\t<\/div>\n\t\t\t\t\t<\/div>\n\t\t<\/section>\n\t\t\t\t\t<\/div>\n\t\t<\/div>\n\t\t\t\t\t<\/div>\n\t\t<\/section>\n\t\t\t\t<section class=\"elementor-section elementor-top-section elementor-element elementor-element-dc6a347 elementor-section-boxed elementor-section-height-default elementor-section-height-default\" data-id=\"dc6a347\" data-element_type=\"section\">\n\t\t\t\t\t\t<div class=\"elementor-container elementor-column-gap-default\">\n\t\t\t\t\t<div class=\"elementor-column elementor-col-100 elementor-top-column elementor-element elementor-element-1914a61\" data-id=\"1914a61\" data-element_type=\"column\">\n\t\t\t<div class=\"elementor-widget-wrap elementor-element-populated\">\n\t\t\t\t\t\t<div class=\"elementor-element elementor-element-ab0fac0 elementor-widget elementor-widget-spacer\" data-id=\"ab0fac0\" data-element_type=\"widget\" data-widget_type=\"spacer.default\">\n\t\t\t\t<div class=\"elementor-widget-container\">\n\t\t\t\t\t\t\t<div class=\"elementor-spacer\">\n\t\t\t<div class=\"elementor-spacer-inner\"><\/div>\n\t\t<\/div>\n\t\t\t\t\t\t<\/div>\n\t\t\t\t<\/div>\n\t\t\t\t<div class=\"elementor-element elementor-element-024545d elementor-widget elementor-widget-text-editor\" data-id=\"024545d\" data-element_type=\"widget\" data-widget_type=\"text-editor.default\">\n\t\t\t\t<div class=\"elementor-widget-container\">\n\t\t\t\t\t\t\t\t\t<p><strong><span style=\"color: #660000\">\u00abJe dois aussi pr\u00eacher le royaume de Dieu aux autres villes, car j'ai \u00e9t\u00e9 envoy\u00e9 dans ce but.\u00bb Il a donc continu\u00e9 \u00e0 pr\u00eacher dans les synagogues\u2026 Luc 4: 43-44<\/span><\/strong><\/p><p>Rempli de l'Esprit, J\u00e9sus a commenc\u00e9 son minist\u00e8re terrestre en pr\u00eachant l'\u00c9vangile au plus grand nombre. L'initiative de partenariat Operation Transit fait visiblement de m\u00eame en distribuant des CD bilingues imprim\u00e9s et dialectaux Nouveaux Testaments, des DVD multilingues de JESUS, des livres de Josh McDowell, des Wonder Books pour enfants, des DVD des histoires de Dieu et d'autres articles aux Nord-Africains principalement dans les ports de la M\u00e9diterran\u00e9e occidentale alors qu\u2019ils voyagent entre l\u2019Afrique et l\u2019Europe. Cette ann\u00e9e, plus de 280 000 articles ont \u00e9t\u00e9 distribu\u00e9s, dont 119 indiquant aux participants au projet qu'il ou elle a pri\u00e9 pour recevoir le Christ alors qu'ils parlaient ensemble. En 21 ans, plus de 10 millions d'articles ont \u00e9t\u00e9 distribu\u00e9s avec pr\u00e8s de 3000 Nord-Africains indiquant les d\u00e9cisions de recevoir le Christ.<\/p>\t\t\t\t\t\t\t\t<\/div>\n\t\t\t\t<\/div>\n\t\t\t\t<div class=\"elementor-element elementor-element-1af0f85 elementor-widget elementor-widget-text-editor\" data-id=\"1af0f85\" data-element_type=\"widget\" data-widget_type=\"text-editor.default\">\n\t\t\t\t<div class=\"elementor-widget-container\">\n\t\t\t\t\t\t\t\t\t<p><strong><span style=\"color: #660000\">Il a commenc\u00e9 \u00e0 se d\u00e9placer d'une ville et d'un village \u00e0 l'autre, proclamant et pr\u00eachant le royaume de Dieu. Les douze \u00e9taient avec lui ... Luc 8: 1-2<\/span><\/strong><\/p><p><strong><span style=\"color: #660000\">Et Il a r\u00e9uni les douze, et leur a donn\u00e9 le pouvoir et l'autorit\u00e9 sur tous les d\u00e9mons et pour gu\u00e9rir les maladies. Et Il les a envoy\u00e9s pour proclamer le royaume de Dieu\u2026 Luc 9: 1-2<\/span><\/strong><\/p><p>L'Op\u00e9ration Transit a toujours cherch\u00e9 \u00e0 impliquer les croyants nord-africains dans le travail. Des centaines sont inclus parmi les plus de 10 000 participants du monde entier qui ont appris \u00e0 t\u00e9moigner avec les musulmans dans la puissance du Saint-Esprit. Beaucoup ont continu\u00e9 \u00e0 \u00eatre t\u00e9moins dans leur propre pays, certains dans le cadre de r\u00e9seaux de suivi pour les personnes int\u00e9ress\u00e9es qui r\u00e9pondent aux activit\u00e9s de sensibilisation de l'Op\u00e9ration Transit ou \u00e0 d'autres sources telles que les sites Internet chr\u00e9tiens, la radio et la t\u00e9l\u00e9vision.<\/p>\t\t\t\t\t\t\t\t<\/div>\n\t\t\t\t<\/div>\n\t\t\t\t<div class=\"elementor-element elementor-element-803a263 elementor-widget elementor-widget-text-editor\" data-id=\"803a263\" data-element_type=\"widget\" data-widget_type=\"text-editor.default\">\n\t\t\t\t<div class=\"elementor-widget-container\">\n\t\t\t\t\t\t\t\t\t<p><strong><span style=\"color: #660000;font-size: 15px\">... le Seigneur en d\u00e9signa soixante-dix autres, et les envoya par paires devant lui dans chaque ville et lieu o\u00f9 lui-m\u00eame allait venir. Luc 10: 1<\/span><\/strong><\/p><p><span style=\"font-size: 15px\">Le nombre de disciples que J\u00e9sus envoya augmenta ou se multiplia au fur et \u00e0 mesure que lui et les douze continuaient \u00e0 pr\u00eacher \u00e0 un grand nombre de personnes. Cette ann\u00e9e, l'op\u00e9ration Transit a commenc\u00e9 \u00e0 voir des personnes qui sont venues au Christ gr\u00e2ce aux activit\u00e9s de sensibilisation participer \u00e9galement aux travaux. Un homme d'Afrique du Nord vivant en Espagne est venu au Christ en f\u00e9vrier. Il a \u00e9t\u00e9 baptis\u00e9 en juin et a particip\u00e9 \u00e0 la distribution en juillet. Un autre Nord-Africain qui vit dans sa terre natale, mais qui, pour affaires, voyage vers et depuis l'Europe, est venu au Christ il y a deux \u00e9t\u00e9s apr\u00e8s avoir re\u00e7u un paquet \u00e0 Marseille. Il a commenc\u00e9 dans le Nouveau Testament et a ensuite lu More than a Carpenter. Convaincu de la v\u00e9rit\u00e9, il a plac\u00e9 sa confiance en J\u00e9sus, s'est connect\u00e9 avec un groupe religieux et a particip\u00e9 \u00e0 des activit\u00e9s de sensibilisation dans un autre port cet \u00e9t\u00e9 avec des voyageurs de son propre pays. Lui, avec d'autres qui vivaient dans son pays, a vu plus de 2000 paquets distribu\u00e9s.<\/span><\/p>\t\t\t\t\t\t\t\t<\/div>\n\t\t\t\t<\/div>\n\t\t\t\t<div class=\"elementor-element elementor-element-33cb9ee elementor-widget elementor-widget-text-editor\" data-id=\"33cb9ee\" data-element_type=\"widget\" data-widget_type=\"text-editor.default\">\n\t\t\t\t<div class=\"elementor-widget-container\">\n\t\t\t\t\t\t\t\t\t<p><span style=\"font-size: 15px\"><strong><span style=\"color: #660000;font-size: 15px\">... \u00abLa moisson est abondante, mais les ouvriers sont peu nombreux; implorez donc le ma\u00eetre de la moisson d'envoyer des ouvriers dans sa moisson. Luc 10: 2<\/span><\/strong><\/span><\/p><p><span style=\"font-size: 15px\">Le c\u0153ur de J\u00e9sus est clair. Tout ce qu'Il a fait avant la croix \u00e9tait de voir des ouvriers se lever pour la moisson. Il savait que c'\u00e9tait l'\u0153uvre du P\u00e8re. L'Op\u00e9ration Transit poursuit ce m\u00eame d\u00e9sir sp\u00e9cifiquement parmi les Nord-Africains. Il y a la connaissance que l'\u0153uvre doit \u00eatre l'\u0153uvre de Dieu. Cette ann\u00e9e, les \u00e9quipes du Moyen-Orient et d\u2019Afrique du Nord portaient des bracelets sur lesquels on pouvait lire: \u00abMon Dieu, je ne peux pas. Vous pouvez. Faites-le par moi. Il y a plus de 1500 destinataires d'e-mails de pri\u00e8re, ce qui fait vraisemblablement des milliers de personnes qui prient pour que Dieu travaille \u00e0 travers cette initiative. De plus, chaque port, \u00e0 sa mani\u00e8re, poursuit les gens qui prient sur place pendant les activit\u00e9s de sensibilisation. Le r\u00e9sultat: Dieu fait le travail et il en a le m\u00e9rite.<\/span><\/p>\t\t\t\t\t\t\t\t<\/div>\n\t\t\t\t<\/div>\n\t\t\t\t\t<\/div>\n\t\t<\/div>\n\t\t\t\t\t<\/div>\n\t\t<\/section>\n\t\t\t\t<\/div>","protected":false},"excerpt":{"rendered":"<p>Following Jesus&#8217; Approach \u201cI must preach the kingdom of God to the other cities also, for I was sent for this purpose.\u201d \u00a0So He kept on preaching in the synagogues\u2026 Luke 4:43-44 Filled with the Spirit Jesus began his earthly ministry preaching the gospel to as many as possible.\u00a0The Operation Transit partnership initiative visibly does [&hellip;]<\/p>","protected":false},"author":33809,"featured_media":0,"parent":0,"menu_order":0,"comment_status":"closed","ping_status":"closed","template":"","meta":{"site-sidebar-layout":"no-sidebar","site-content-layout":"page-builder","ast-site-content-layout":"default","site-content-style":"default","site-sidebar-style":"default","ast-global-header-display":"","ast-banner-title-visibility":"","ast-main-header-display":"","ast-hfb-above-header-display":"","ast-hfb-below-header-display":"","ast-hfb-mobile-header-display":"","site-post-title":"disabled","ast-breadcrumbs-content":"","ast-featured-img":"disabled","footer-sml-layout":"","ast-disable-related-posts":"","theme-transparent-header-meta":"default","adv-header-id-meta":"","stick-header-meta":"","header-above-stick-meta":"","header-main-stick-meta":"","header-below-stick-meta":"","astra-migrate-meta-layouts":"default","ast-page-background-enabled":"default","ast-page-background-meta":{"desktop":{"background-color":"","background-image":"","background-repeat":"repeat","background-position":"center center","background-size":"auto","background-attachment":"scroll","background-type":"","background-media":"","overlay-type":"","overlay-color":"","overlay-opacity":"","overlay-gradient":""},"tablet":{"background-color":"","background-image":"","background-repeat":"repeat","background-position":"center center","background-size":"auto","background-attachment":"scroll","background-type":"","background-media":"","overlay-type":"","overlay-color":"","overlay-opacity":"","overlay-gradient":""},"mobile":{"background-color":"","background-image":"","background-repeat":"repeat","background-position":"center center","background-size":"auto","background-attachment":"scroll","background-type":"","background-media":"","overlay-type":"","overlay-color":"","overlay-opacity":"","overlay-gradient":""}},"ast-content-background-meta":{"desktop":{"background-color":"var(--ast-global-color-5)","background-image":"","background-repeat":"repeat","background-position":"center center","background-size":"auto","background-attachment":"scroll","background-type":"","background-media":"","overlay-type":"","overlay-color":"","overlay-opacity":"","overlay-gradient":""},"tablet":{"background-color":"var(--ast-global-color-5)","background-image":"","background-repeat":"repeat","background-position":"center center","background-size":"auto","background-attachment":"scroll","background-type":"","background-media":"","overlay-type":"","overlay-color":"","overlay-opacity":"","overlay-gradient":""},"mobile":{"background-color":"var(--ast-global-color-5)","background-image":"","background-repeat":"repeat","background-position":"center center","background-size":"auto","background-attachment":"scroll","background-type":"","background-media":"","overlay-type":"","overlay-color":"","overlay-opacity":"","overlay-gradient":""}},"footnotes":""},"class_list":["post-58","page","type-page","status-publish","hentry"],"jetpack_sharing_enabled":true,"meta_box":[],"_links":{"self":[{"href":"https:\/\/optransit.net\/fr\/wp-json\/wp\/v2\/pages\/58","targetHints":{"allow":["GET"]}}],"collection":[{"href":"https:\/\/optransit.net\/fr\/wp-json\/wp\/v2\/pages"}],"about":[{"href":"https:\/\/optransit.net\/fr\/wp-json\/wp\/v2\/types\/page"}],"author":[{"embeddable":true,"href":"https:\/\/optransit.net\/fr\/wp-json\/wp\/v2\/users\/33809"}],"replies":[{"embeddable":true,"href":"https:\/\/optransit.net\/fr\/wp-json\/wp\/v2\/comments?post=58"}],"version-history":[{"count":41,"href":"https:\/\/optransit.net\/fr\/wp-json\/wp\/v2\/pages\/58\/revisions"}],"predecessor-version":[{"id":840,"href":"https:\/\/optransit.net\/fr\/wp-json\/wp\/v2\/pages\/58\/revisions\/840"}],"wp:attachment":[{"href":"https:\/\/optransit.net\/fr\/wp-json\/wp\/v2\/media?parent=58"}],"curies":[{"name":"wp","href":"https:\/\/api.w.org\/{rel}","templated":true}]}}