{"id":52,"date":"2021-09-09T22:50:55","date_gmt":"2021-09-09T22:50:55","guid":{"rendered":"https:\/\/wp-sites.ccci.org\/operationtransit\/?page_id=52"},"modified":"2021-10-21T12:55:12","modified_gmt":"2021-10-21T12:55:12","slug":"impact","status":"publish","type":"page","link":"https:\/\/optransit.net\/fr\/impact\/","title":{"rendered":"Impacter"},"content":{"rendered":"<div data-elementor-type=\"wp-page\" data-elementor-id=\"52\" class=\"elementor elementor-52\" data-elementor-post-type=\"page\">\n\t\t\t\t\t\t<section class=\"elementor-section elementor-top-section elementor-element elementor-element-50edf895 elementor-section-full_width elementor-section-height-default elementor-section-height-default\" data-id=\"50edf895\" data-element_type=\"section\">\n\t\t\t\t\t\t<div class=\"elementor-container elementor-column-gap-default\">\n\t\t\t\t\t<div class=\"elementor-column elementor-col-100 elementor-top-column elementor-element elementor-element-2d5ef402\" data-id=\"2d5ef402\" data-element_type=\"column\" data-settings=\"{&quot;background_background&quot;:&quot;classic&quot;}\">\n\t\t\t<div class=\"elementor-widget-wrap elementor-element-populated\">\n\t\t\t\t\t<div class=\"elementor-background-overlay\"><\/div>\n\t\t\t\t\t\t<div class=\"elementor-element elementor-element-2055d580 elementor-widget elementor-widget-spacer\" data-id=\"2055d580\" data-element_type=\"widget\" data-widget_type=\"spacer.default\">\n\t\t\t\t<div class=\"elementor-widget-container\">\n\t\t\t\t\t\t\t<div class=\"elementor-spacer\">\n\t\t\t<div class=\"elementor-spacer-inner\"><\/div>\n\t\t<\/div>\n\t\t\t\t\t\t<\/div>\n\t\t\t\t<\/div>\n\t\t\t\t<section class=\"elementor-section elementor-inner-section elementor-element elementor-element-68b9adc6 elementor-section-boxed elementor-section-height-default elementor-section-height-default\" data-id=\"68b9adc6\" data-element_type=\"section\">\n\t\t\t\t\t\t<div class=\"elementor-container elementor-column-gap-default\">\n\t\t\t\t\t<div class=\"elementor-column elementor-col-100 elementor-inner-column elementor-element elementor-element-4306069\" data-id=\"4306069\" data-element_type=\"column\">\n\t\t\t<div class=\"elementor-widget-wrap elementor-element-populated\">\n\t\t\t\t\t\t<div class=\"elementor-element elementor-element-437080d1 elementor-widget elementor-widget-heading\" data-id=\"437080d1\" data-element_type=\"widget\" data-widget_type=\"heading.default\">\n\t\t\t\t<div class=\"elementor-widget-container\">\n\t\t\t\t\t<h1 class=\"elementor-heading-title elementor-size-default\">Vision<\/h1>\t\t\t\t<\/div>\n\t\t\t\t<\/div>\n\t\t\t\t\t<\/div>\n\t\t<\/div>\n\t\t\t\t\t<\/div>\n\t\t<\/section>\n\t\t\t\t\t<\/div>\n\t\t<\/div>\n\t\t\t\t\t<\/div>\n\t\t<\/section>\n\t\t\t\t<section class=\"elementor-section elementor-top-section elementor-element elementor-element-6061e6b elementor-section-boxed elementor-section-height-default elementor-section-height-default\" data-id=\"6061e6b\" data-element_type=\"section\">\n\t\t\t\t\t\t<div class=\"elementor-container elementor-column-gap-default\">\n\t\t\t\t\t<div class=\"elementor-column elementor-col-100 elementor-top-column elementor-element elementor-element-9e5ca69\" data-id=\"9e5ca69\" data-element_type=\"column\">\n\t\t\t<div class=\"elementor-widget-wrap elementor-element-populated\">\n\t\t\t\t\t\t<div class=\"elementor-element elementor-element-1fd8e2b elementor-widget elementor-widget-spacer\" data-id=\"1fd8e2b\" data-element_type=\"widget\" data-widget_type=\"spacer.default\">\n\t\t\t\t<div class=\"elementor-widget-container\">\n\t\t\t\t\t\t\t<div class=\"elementor-spacer\">\n\t\t\t<div class=\"elementor-spacer-inner\"><\/div>\n\t\t<\/div>\n\t\t\t\t\t\t<\/div>\n\t\t\t\t<\/div>\n\t\t\t\t<div class=\"elementor-element elementor-element-a739fe4 elementor-widget elementor-widget-text-editor\" data-id=\"a739fe4\" data-element_type=\"widget\" data-widget_type=\"text-editor.default\">\n\t\t\t\t<div class=\"elementor-widget-container\">\n\t\t\t\t\t\t\t\t\t<h4>Un disciple nord-africain qui se multiplie dans toutes les communaut\u00e9s nord-africaines<\/h4><p>Et Il a dit: \u00abComment allons-nous nous repr\u00e9senter le royaume de Dieu, ou par quelle parabole le pr\u00e9senterons-nous? \u00ab<em>C'est\u00a0<\/em>comme une graine de moutarde, qui, une fois sem\u00e9e sur le sol, bien qu'elle soit plus petite que toutes les graines qui sont sur le sol, mais quand elle est sem\u00e9e, elle pousse et devient plus grande que toutes les plantes du jardin et forme de grandes branches; pour que LES OISEAUX DE L'AIR puissent NIDER SOUS SON OMBRE. \u00bb - Marc 4: 30-32<\/p><h4 style=\"font-style: normal\">Afrique du Nord en 1992<\/h4>\t\t\t\t\t\t\t\t<\/div>\n\t\t\t\t<\/div>\n\t\t\t\t<section class=\"elementor-section elementor-inner-section elementor-element elementor-element-07b959b elementor-section-boxed elementor-section-height-default elementor-section-height-default\" data-id=\"07b959b\" data-element_type=\"section\">\n\t\t\t\t\t\t<div class=\"elementor-container elementor-column-gap-default\">\n\t\t\t\t\t<div class=\"elementor-column elementor-col-50 elementor-inner-column elementor-element elementor-element-dc3aac9\" data-id=\"dc3aac9\" data-element_type=\"column\">\n\t\t\t<div class=\"elementor-widget-wrap elementor-element-populated\">\n\t\t\t\t\t\t<div class=\"elementor-element elementor-element-c981ef1 elementor-widget elementor-widget-text-editor\" data-id=\"c981ef1\" data-element_type=\"widget\" data-widget_type=\"text-editor.default\">\n\t\t\t\t<div class=\"elementor-widget-container\">\n\t\t\t\t\t\t\t\t\t<h4><span style=\"font-size: 15px\">Selon les publications, il y avait 50 croyants connus dans toute la Tunisie, mais si l'on demandait \u00e0 des croyants connus, ils se demandaient o\u00f9 ils \u00e9taient tous. \u00a0\u00a0<\/span><\/h4><p>On pensait qu'il y avait plusieurs centaines de croyants au Maroc. Certains servaient \u00e0 plein temps pour joindre leurs employ\u00e9s en travaillant avec des centres de correspondance situ\u00e9s en Europe. La grande majorit\u00e9 des r\u00e9ponses positives provenaient d'hommes c\u00e9libataires, jeunes et sans emploi.\u00a0\u00a0\u00a0<\/p><p>L'Alg\u00e9rie \u00e9tait similaire sauf que 50% des berb\u00e8res kabyle auraient vu la vid\u00e9o du film JESUS et qu'il y avait des grondements de nombreux venus au Christ. Un fonctionnaire du gouvernement, d\u00e8s 1995, faisait allusion avec d\u00e9sinvolture \u00e0 un village de tous les chr\u00e9tiens de Kabylie.<\/p><p>La Libye n'avait pas de croyants connus. La Mauritanie \u00e9tait probablement la m\u00eame.<\/p>\t\t\t\t\t\t\t\t<\/div>\n\t\t\t\t<\/div>\n\t\t\t\t\t<\/div>\n\t\t<\/div>\n\t\t\t\t<div class=\"elementor-column elementor-col-50 elementor-inner-column elementor-element elementor-element-64f41bd\" data-id=\"64f41bd\" data-element_type=\"column\">\n\t\t\t<div class=\"elementor-widget-wrap elementor-element-populated\">\n\t\t\t\t\t\t<div class=\"elementor-element elementor-element-1537219 elementor-widget elementor-widget-image\" data-id=\"1537219\" data-element_type=\"widget\" data-widget_type=\"image.default\">\n\t\t\t\t<div class=\"elementor-widget-container\">\n\t\t\t\t\t\t\t\t\t\t\t\t\t\t\t<img decoding=\"async\" src=\"https:\/\/optransit.net\/wp-content\/uploads\/sites\/344\/2021\/09\/2012-06-26_18-06-25-scaled.jpg?w=1536\" title=\"2012-06-26_18-06-25\" alt=\"2012-06-26_18-06-25\" loading=\"lazy\" \/>\t\t\t\t\t\t\t\t\t\t\t\t\t\t\t<\/div>\n\t\t\t\t<\/div>\n\t\t\t\t\t<\/div>\n\t\t<\/div>\n\t\t\t\t\t<\/div>\n\t\t<\/section>\n\t\t\t\t<div class=\"elementor-element elementor-element-efaf69a elementor-widget elementor-widget-text-editor\" data-id=\"efaf69a\" data-element_type=\"widget\" data-widget_type=\"text-editor.default\">\n\t\t\t\t<div class=\"elementor-widget-container\">\n\t\t\t\t\t\t\t\t\t<h4>L'Afrique du Nord en 2020<\/h4><p>La presse la\u00efque en Afrique du Nord et en Europe rapporte au moins 40 000 croyants au Maroc avec plus de 30 \u00e9glises ouvertes et secr\u00e8tes fr\u00e9quent\u00e9es par des Marocains. Bien que la plupart ne vont clairement pas \u00e0 l'\u00e9glise, les chr\u00e9tiens et les non-chr\u00e9tiens croient qu'il y a des dizaines de milliers de personnes qui ne connaissent pas d'autres croyants. Une femme demandant un Nouveau Testament en Espagne a dit que son p\u00e8re avait un livre qu'il lisait tous les soirs jusqu'au jour de sa mort. Il ne voulait pas le partager avec sa famille en disant que cela leur causerait des ennuis. Quand il est d\u00e9c\u00e9d\u00e9, ils sont all\u00e9s voir ce qu'\u00e9tait le livre. C'\u00e9tait un \u00abNouveau Testament vert\u00bb comme ceux distribu\u00e9s dans les ports. Son exemplaire a \u00e9t\u00e9 pris par un voisin et br\u00fbl\u00e9. Quand elle est arriv\u00e9e en Espagne, elle a cherch\u00e9 \u00e0 avoir un Nouveau Testament comme celui de son p\u00e8re.<\/p><p>L'Alg\u00e9rie a \u00e9t\u00e9 t\u00e9moin de la cr\u00e9ation d'un mouvement d'\u00e9glise chez les berb\u00e8res kabyle avec le mot \u00abr\u00e9veil\u00bb ayant g\u00e9n\u00e9ralement \u00e9t\u00e9 appliqu\u00e9 \u00e0 la situation. La plupart des villes et villages de cette r\u00e9gion ont des rassemblements officiels ou non officiels de croyants. Ils envoient des gens vers des groupes ethniques voisins parfois \u00e0 travers les fronti\u00e8res nationales. Des dirigeants chr\u00e9tiens sont \u00e9galement issus de la population arabe. Une r\u00e9gion a vu 27 nouvelles \u00e9glises au cours des derni\u00e8res ann\u00e9es, chacune avec 20 ou 30 personnes pr\u00e9sentes.<\/p><p>Il existe un certain nombre d'\u00e9glises tunisiennes. Pas moins de 300 personnes sont venues au Seigneur \u00e0 la fin des ann\u00e9es 1990, vues comme le r\u00e9sultat d'une ann\u00e9e de pri\u00e8re. Les Tunisiens ont pris le leadership et il y a une vision pour l'avenir \u00e0 la fois dans la sensibilisation et dans la \u00abformation de disciples\u00bb, certains au moins \u00e9tant impliqu\u00e9s dans l'atteinte des populations des pays voisins. Il y a actuellement quelque 2000 croyants connus.<\/p><p>La traduction et le doublage du film JESUS dans la langue mauritanienne ont fait face \u00e0 de nombreuses attaques spirituelles. Aujourd'hui, c'est un outil pour partager l'\u00e9vangile. Il y a probablement entre 100 et 200 croyants.<\/p><p>Bien qu'il n'y ait officiellement aucun croyant connu, on suppose qu'il y a quelques croyants dispers\u00e9s dans le pays de la Libye. Des centaines de milliers de personnes ont visit\u00e9 des sites Web chr\u00e9tiens.<\/p>\t\t\t\t\t\t\t\t<\/div>\n\t\t\t\t<\/div>\n\t\t\t\t<div class=\"elementor-element elementor-element-8d347f0 elementor-widget elementor-widget-image\" data-id=\"8d347f0\" data-element_type=\"widget\" data-widget_type=\"image.default\">\n\t\t\t\t<div class=\"elementor-widget-container\">\n\t\t\t\t\t\t\t\t\t\t\t\t\t\t\t<img decoding=\"async\" src=\"https:\/\/optransit.net\/wp-content\/uploads\/sites\/344\/2021\/09\/2012-06-26_10-35-18-scaled.jpg?w=1536\" title=\"2012-06-26_10-35-18\" alt=\"2012-06-26_10-35-18\" loading=\"lazy\" \/>\t\t\t\t\t\t\t\t\t\t\t\t\t\t\t<\/div>\n\t\t\t\t<\/div>\n\t\t\t\t<div class=\"elementor-element elementor-element-32dec72 elementor-widget elementor-widget-text-editor\" data-id=\"32dec72\" data-element_type=\"widget\" data-widget_type=\"text-editor.default\">\n\t\t\t\t<div class=\"elementor-widget-container\">\n\t\t\t\t\t\t\t\t\t<h4>R\u00f4le de l'Op\u00e9ration Transit<\/h4><p>Bien que l'ampleur du r\u00f4le qu'a jou\u00e9 l'Op\u00e9ration Transit pour aider \u00e0 voir les changements de 1992 \u00e0 2019 ne soit pas mesurable, il est clair que la distribution de plus de 12 millions d'articles pr\u00e9sentant l'\u00c9vangile de J\u00e9sus-Christ, l'\u00e9vang\u00e9lisation avec des milliers dans les ports, la formation de dizaines de Nord-Africains pour aider \u00e0 r\u00e9aliser le d\u00e9sir de Dieu pour les ouvriers de r\u00e9colter la moisson, et le suivi par ceux-ci et d'autres dans toute l'Afrique du Nord et l'Europe des Nord-Africains qui manifestent de l'int\u00e9r\u00eat \u00e0 travers la distribution et l'\u00e9vang\u00e9lisation.<\/p><p>Les dirigeants chr\u00e9tiens du Maroc, au d\u00e9but de la derni\u00e8re d\u00e9cennie, ont d\u00e9clar\u00e9: \"Quelle que soit la version du Nouveau Testament que vous utilisez dans les ports, nous finissons par devoir l'utiliser dans nos \u00e9glises.\" Cela \u00e9tait d\u00fb au fait que les nouveaux fid\u00e8les apportaient aux \u00e9glises de maison le Nouveau Testament qu'ils avaient re\u00e7u \u00e0 la suite de la distribution de l'Op\u00e9ration Transit. En 2012, ces dirigeants ont d\u00e9clar\u00e9 que, comme on pouvait s'y attendre, la plupart des nouveaux croyants avaient des contributions de nombreuses sources avant de venir au Christ et pour beaucoup, l'op\u00e9ration Transit \u00e9tait l'une de ces sources.<\/p><p>Les nouveaux croyants mentionnent souvent avoir lu un Nouveau Testament ou un autre livre, ou \u00e9cout\u00e9 un DVD de J\u00c9SUS dans le cadre de leur apprentissage de J\u00e9sus-Christ. Plus de 50% de ceux qui indiquent venir au Christ gr\u00e2ce \u00e0 l'\u00e9vang\u00e9lisation de l'Op\u00e9ration Transit indiquent avoir d\u00e9j\u00e0 re\u00e7u et regard\u00e9 les documents contenus dans les paquets.<\/p><p>En 2010, les personnes num\u00e9rot\u00e9es \u00e0 deux chiffres ont indiqu\u00e9 \u00eatre venues au Christ au cours du mois pr\u00e9c\u00e9dent simplement en ayant re\u00e7u et examin\u00e9 les documents distribu\u00e9s par les personnes impliqu\u00e9es dans l'op\u00e9ration Transit. En 2011, des \u00ab\u00e9vang\u00e9listes\u00bb et des \u00abdistributeurs\u00bb de l'Op\u00e9ration Transit se sont entretenus avec de nombreux Nord-Africains qui ont indiqu\u00e9 qu'ils avaient un parent ou un ami qui avait re\u00e7u le Christ. C'est cette relation qui a motiv\u00e9 les Maghr\u00e9bins \u00e0 parler du Christ avec un participant \u00e0 l'op\u00e9ration Transit. En 2012, au moins une fois par mois, une personne \u00e0 qui l'on offre un paquet a d\u00e9clar\u00e9 qu'elle avait d\u00e9j\u00e0 re\u00e7u un paquet et, par cons\u00e9quent, avait re\u00e7u le Christ.<\/p><p>Certaines \u00e9glises sont connues pour avoir d\u00e9marr\u00e9 et \/ ou dirig\u00e9es par des personnes qui sont venues \u00e0 Christ en raison de la distribution dans les ports.<\/p><p class=\"translation-block\">Beaucoup de ceux qui participent au suivi des contacts g\u00e9n\u00e9r\u00e9s par l'activit\u00e9 d'Op\u00e9ration Transit ont \u00e9t\u00e9 form\u00e9s tout en participant \u00e0 un projet d'Op\u00e9ration Transit. Un leader de mouvement en France a acquis sa vision d'atteindre son propre peuple tout en \u00e9tant impliqu\u00e9 dans le projet \u00e0 Alg\u00e9siras. Un participant nord-africain \u00e0 un projet de distribution en 2013 \u00e9tait lui-m\u00eame venu au Christ en 2011 en raison de la r\u00e9ception d'un paquet \u00e0 Marseille, pensant que le Nouveau Testament pouvait venir de Dieu, puis s'\u00e9tait convaincu en lisant 'Plus qu'un Charpentier' de Josh McDowell.<\/p><p>Dans une ville europ\u00e9enne limitrophe d'un pays d'Afrique du Nord, 9 Nord-Africains ont \u00e9t\u00e9 baptis\u00e9s en une journ\u00e9e. La plupart des 9 \u00e9taient venus au Christ gr\u00e2ce \u00e0 un projet d'Op\u00e9ration Transit quelques mois plus t\u00f4t. Dans l'un des pays d'Afrique du Nord, on pense que 25% des croyants actuels sont venus au Christ gr\u00e2ce \u00e0 la sensibilisation d'autres personnes qui ont particip\u00e9 \u00e0 des projets d'Op\u00e9ration Transit et sont retourn\u00e9es dans leur propre pays avec le d\u00e9sir de parler de J\u00e9sus aux autres.<\/p>\t\t\t\t\t\t\t\t<\/div>\n\t\t\t\t<\/div>\n\t\t\t\t\t<\/div>\n\t\t<\/div>\n\t\t\t\t\t<\/div>\n\t\t<\/section>\n\t\t\t\t<\/div>","protected":false},"excerpt":{"rendered":"<p>Vision A multiplying North African disciple in every community of North Africans And He said, \u201cHow shall we picture the kingdom of God, or by what parable shall we present it?\u00a0\u201cIt is\u00a0like a mustard seed, which, when sown upon the soil, though it is smaller than all the seeds that are upon the soil,\u00a0yet when [&hellip;]<\/p>","protected":false},"author":33809,"featured_media":0,"parent":0,"menu_order":0,"comment_status":"closed","ping_status":"closed","template":"","meta":{"site-sidebar-layout":"no-sidebar","site-content-layout":"page-builder","ast-site-content-layout":"default","site-content-style":"default","site-sidebar-style":"default","ast-global-header-display":"","ast-banner-title-visibility":"","ast-main-header-display":"","ast-hfb-above-header-display":"","ast-hfb-below-header-display":"","ast-hfb-mobile-header-display":"","site-post-title":"disabled","ast-breadcrumbs-content":"","ast-featured-img":"disabled","footer-sml-layout":"","ast-disable-related-posts":"","theme-transparent-header-meta":"default","adv-header-id-meta":"","stick-header-meta":"","header-above-stick-meta":"","header-main-stick-meta":"","header-below-stick-meta":"","astra-migrate-meta-layouts":"default","ast-page-background-enabled":"default","ast-page-background-meta":{"desktop":{"background-color":"","background-image":"","background-repeat":"repeat","background-position":"center center","background-size":"auto","background-attachment":"scroll","background-type":"","background-media":"","overlay-type":"","overlay-color":"","overlay-opacity":"","overlay-gradient":""},"tablet":{"background-color":"","background-image":"","background-repeat":"repeat","background-position":"center center","background-size":"auto","background-attachment":"scroll","background-type":"","background-media":"","overlay-type":"","overlay-color":"","overlay-opacity":"","overlay-gradient":""},"mobile":{"background-color":"","background-image":"","background-repeat":"repeat","background-position":"center center","background-size":"auto","background-attachment":"scroll","background-type":"","background-media":"","overlay-type":"","overlay-color":"","overlay-opacity":"","overlay-gradient":""}},"ast-content-background-meta":{"desktop":{"background-color":"var(--ast-global-color-5)","background-image":"","background-repeat":"repeat","background-position":"center center","background-size":"auto","background-attachment":"scroll","background-type":"","background-media":"","overlay-type":"","overlay-color":"","overlay-opacity":"","overlay-gradient":""},"tablet":{"background-color":"var(--ast-global-color-5)","background-image":"","background-repeat":"repeat","background-position":"center center","background-size":"auto","background-attachment":"scroll","background-type":"","background-media":"","overlay-type":"","overlay-color":"","overlay-opacity":"","overlay-gradient":""},"mobile":{"background-color":"var(--ast-global-color-5)","background-image":"","background-repeat":"repeat","background-position":"center center","background-size":"auto","background-attachment":"scroll","background-type":"","background-media":"","overlay-type":"","overlay-color":"","overlay-opacity":"","overlay-gradient":""}},"footnotes":""},"class_list":["post-52","page","type-page","status-publish","hentry"],"jetpack_sharing_enabled":true,"meta_box":[],"_links":{"self":[{"href":"https:\/\/optransit.net\/fr\/wp-json\/wp\/v2\/pages\/52","targetHints":{"allow":["GET"]}}],"collection":[{"href":"https:\/\/optransit.net\/fr\/wp-json\/wp\/v2\/pages"}],"about":[{"href":"https:\/\/optransit.net\/fr\/wp-json\/wp\/v2\/types\/page"}],"author":[{"embeddable":true,"href":"https:\/\/optransit.net\/fr\/wp-json\/wp\/v2\/users\/33809"}],"replies":[{"embeddable":true,"href":"https:\/\/optransit.net\/fr\/wp-json\/wp\/v2\/comments?post=52"}],"version-history":[{"count":41,"href":"https:\/\/optransit.net\/fr\/wp-json\/wp\/v2\/pages\/52\/revisions"}],"predecessor-version":[{"id":843,"href":"https:\/\/optransit.net\/fr\/wp-json\/wp\/v2\/pages\/52\/revisions\/843"}],"wp:attachment":[{"href":"https:\/\/optransit.net\/fr\/wp-json\/wp\/v2\/media?parent=52"}],"curies":[{"name":"wp","href":"https:\/\/api.w.org\/{rel}","templated":true}]}}