{"id":5,"date":"2020-01-10T10:24:03","date_gmt":"2020-01-10T10:24:03","guid":{"rendered":"https:\/\/wp-sites.ccci.org\/operationtransit\/?page_id=5"},"modified":"2021-10-25T13:28:34","modified_gmt":"2021-10-25T13:28:34","slug":"homepage","status":"publish","type":"page","link":"https:\/\/optransit.net\/fr\/","title":{"rendered":"Homepage"},"content":{"rendered":"<div data-elementor-type=\"wp-page\" data-elementor-id=\"5\" class=\"elementor elementor-5\" data-elementor-post-type=\"page\">\n\t\t\t\t\t\t<section class=\"elementor-section elementor-top-section elementor-element elementor-element-d066a19 elementor-section-full_width elementor-section-height-default elementor-section-height-default\" data-id=\"d066a19\" data-element_type=\"section\">\n\t\t\t\t\t\t<div class=\"elementor-container elementor-column-gap-default\">\n\t\t\t\t\t<div class=\"elementor-column elementor-col-100 elementor-top-column elementor-element elementor-element-290adeb\" data-id=\"290adeb\" data-element_type=\"column\" data-settings=\"{&quot;background_background&quot;:&quot;classic&quot;}\">\n\t\t\t<div class=\"elementor-widget-wrap elementor-element-populated\">\n\t\t\t\t\t<div class=\"elementor-background-overlay\"><\/div>\n\t\t\t\t\t\t<div class=\"elementor-element elementor-element-2a8e9b8 elementor-widget elementor-widget-spacer\" data-id=\"2a8e9b8\" data-element_type=\"widget\" data-widget_type=\"spacer.default\">\n\t\t\t\t<div class=\"elementor-widget-container\">\n\t\t\t\t\t\t\t<div class=\"elementor-spacer\">\n\t\t\t<div class=\"elementor-spacer-inner\"><\/div>\n\t\t<\/div>\n\t\t\t\t\t\t<\/div>\n\t\t\t\t<\/div>\n\t\t\t\t<div class=\"elementor-element elementor-element-0dc9b6f elementor-widget elementor-widget-image\" data-id=\"0dc9b6f\" data-element_type=\"widget\" data-widget_type=\"image.default\">\n\t\t\t\t<div class=\"elementor-widget-container\">\n\t\t\t\t\t\t\t\t\t\t\t\t\t\t\t<img decoding=\"async\" src=\"https:\/\/optransit.net\/wp-content\/uploads\/sites\/344\/2021\/10\/OpTransit-Logo-by-J.B.-Dasalla-1.png?w=970\" title=\"OpTransit Logo-by J.B. Dasalla\" alt=\"OpTransit Logo-by J.B. Dasalla\" loading=\"lazy\" \/>\t\t\t\t\t\t\t\t\t\t\t\t\t\t\t<\/div>\n\t\t\t\t<\/div>\n\t\t\t\t\t<\/div>\n\t\t<\/div>\n\t\t\t\t\t<\/div>\n\t\t<\/section>\n\t\t\t\t<section class=\"elementor-section elementor-top-section elementor-element elementor-element-eb7769c elementor-section-boxed elementor-section-height-default elementor-section-height-default\" data-id=\"eb7769c\" data-element_type=\"section\">\n\t\t\t\t\t\t<div class=\"elementor-container elementor-column-gap-default\">\n\t\t\t\t\t<div class=\"elementor-column elementor-col-100 elementor-top-column elementor-element elementor-element-a757d58\" data-id=\"a757d58\" data-element_type=\"column\">\n\t\t\t<div class=\"elementor-widget-wrap elementor-element-populated\">\n\t\t\t\t\t\t<div class=\"elementor-element elementor-element-4fd18e4 elementor-widget elementor-widget-spacer\" data-id=\"4fd18e4\" data-element_type=\"widget\" data-widget_type=\"spacer.default\">\n\t\t\t\t<div class=\"elementor-widget-container\">\n\t\t\t\t\t\t\t<div class=\"elementor-spacer\">\n\t\t\t<div class=\"elementor-spacer-inner\"><\/div>\n\t\t<\/div>\n\t\t\t\t\t\t<\/div>\n\t\t\t\t<\/div>\n\t\t\t\t<div class=\"elementor-element elementor-element-d308dd9 elementor-widget elementor-widget-text-editor\" data-id=\"d308dd9\" data-element_type=\"widget\" data-widget_type=\"text-editor.default\">\n\t\t\t\t<div class=\"elementor-widget-container\">\n\t\t\t\t\t\t\t\t\t<p>Un Nord-Am\u00e9ricain a offert un Nouveau Testament dans le cadre d'un paquet cadeau \u00e0 un homme d'Afrique du Nord \u00e0 Alg\u00e9siras, en Espagne, tandis que les Espagnols regardaient comment la distribution se faisait. Le nord-africain enthousiaste a accept\u00e9 le paquet en demandant une seconde pour son ami. Les distributeurs ont continu\u00e9 leur chemin.\u00a0<\/p><p>Alors que l'Am\u00e9ricain marchait plus tard \u00e0 proximit\u00e9, le nord-africain a cri\u00e9: \"Comment puis-je devenir comme l'un de vous?\" L'Am\u00e9ricain s'est alors assis \u00e0 c\u00f4t\u00e9 de lui, emmenant l'homme au fond du Nouveau Testament o\u00f9 il y avait une pr\u00e9sentation de l'\u00c9vangile imprim\u00e9e en arabe. Le nord-africain a lu le message de l'\u00c9vangile au distributeur. Dans le processus, lui, le nord-africain, a fait confiance \u00e0 J\u00e9sus pour qu'il vienne dans sa vie pour lui pardonner et le changer.<\/p><p>Ayant expliqu\u00e9 qu'il trouverait un ami \u00e9gyptien pour venir \u00e0 la rencontre de le nord-africain, le nord-am\u00e9ricain est parti voir comment les Espagnols s'entendaient. Les Espagnols voyaient beaucoup accepter leurs cadeaux gratuits. L'\u00c9gyptien et l'Am\u00e9ricain sont retourn\u00e9s au le nord-africain. L'Egyptien a constat\u00e9 que l'homme avait fait confiance \u00e0 J\u00e9sus. \"O\u00f9 est J\u00e9sus maintenant?\" \u00abIl est dans mon c\u0153ur!\"<\/p><p>Deux jours plus tard, l'Egyptien a rappel\u00e9 l'homme. En demandant comment il allait, l'homme a r\u00e9pondu avec la certitude de J\u00e9sus dans sa vie. Plusieurs mois plus tard, ce nord-africain a continu\u00e9 \u00e0 assurer un autre croyant nord-africain qui a maintenu le contact que J\u00e9sus \u00e9tait l\u00e0 en lui.<\/p>\t\t\t\t\t\t\t\t<\/div>\n\t\t\t\t<\/div>\n\t\t\t\t<div class=\"elementor-element elementor-element-406aa9a elementor-widget elementor-widget-text-editor\" data-id=\"406aa9a\" data-element_type=\"widget\" data-widget_type=\"text-editor.default\">\n\t\t\t\t<div class=\"elementor-widget-container\">\n\t\t\t\t\t\t\t\t\t<p>Des chr\u00e9tiens du monde entier distribuent Nouveaux Testaments une forme de film JESUS en DVD, livres de l'auteur populaire Josh McDowell et Wonder Books pour enfants \u00e0 des millions de Nord-Africains qui voyagent chaque ann\u00e9e en ferry entre l'Afrique et l'Europe.<\/p><p>Les chr\u00e9tiens arabophones partagent l'\u00c9vangile avec tous ceux qui s'y int\u00e9ressent. Pour les int\u00e9ress\u00e9s, l'opportunit\u00e9 est donn\u00e9e de rencontrer d'autres croyants qui vivent pr\u00e8s de chez eux.<\/p>\t\t\t\t\t\t\t\t<\/div>\n\t\t\t\t<\/div>\n\t\t\t\t<section class=\"elementor-section elementor-inner-section elementor-element elementor-element-ec7cf56 elementor-section-boxed elementor-section-height-default elementor-section-height-default\" data-id=\"ec7cf56\" data-element_type=\"section\">\n\t\t\t\t\t\t<div class=\"elementor-container elementor-column-gap-default\">\n\t\t\t\t\t<div class=\"elementor-column elementor-col-50 elementor-inner-column elementor-element elementor-element-52ac491\" data-id=\"52ac491\" data-element_type=\"column\">\n\t\t\t<div class=\"elementor-widget-wrap elementor-element-populated\">\n\t\t\t\t\t\t<div class=\"elementor-element elementor-element-bc5bd4b elementor-widget elementor-widget-image\" data-id=\"bc5bd4b\" data-element_type=\"widget\" data-widget_type=\"image.default\">\n\t\t\t\t<div class=\"elementor-widget-container\">\n\t\t\t\t\t\t\t\t\t\t\t\t\t\t\t<img decoding=\"async\" src=\"https:\/\/optransit.net\/wp-content\/uploads\/sites\/344\/2021\/09\/2012-06-26_10-39-01-scaled.jpg?w=970\" title=\"2012-06-26_10-39-01\" alt=\"2012-06-26_10-39-01\" loading=\"lazy\" \/>\t\t\t\t\t\t\t\t\t\t\t\t\t\t\t<\/div>\n\t\t\t\t<\/div>\n\t\t\t\t\t<\/div>\n\t\t<\/div>\n\t\t\t\t<div class=\"elementor-column elementor-col-50 elementor-inner-column elementor-element elementor-element-98c47f6\" data-id=\"98c47f6\" data-element_type=\"column\">\n\t\t\t<div class=\"elementor-widget-wrap elementor-element-populated\">\n\t\t\t\t\t\t<div class=\"elementor-element elementor-element-add4f95 elementor-widget elementor-widget-text-editor\" data-id=\"add4f95\" data-element_type=\"widget\" data-widget_type=\"text-editor.default\">\n\t\t\t\t<div class=\"elementor-widget-container\">\n\t\t\t\t\t\t\t\t\t<h4><span style=\"color: #ffffff\">Marc 4: 26-29<\/span><\/h4><p><a title=\"\" href=\"http:\/\/bible.cc\/mark\/4-26.htm\"><strong>26<\/strong><\/a>\u00a0Et il disait: \u00abLe royaume de Dieu est comme un homme qui jette de la semence sur le sol;\u00a0<a title=\"\" href=\"http:\/\/bible.cc\/mark\/4-27.htm\"><strong>27<\/strong><\/a>\u00a0et il se couche la nuit et se l\u00e8ve le jour, et la graine germe et pousse - comment, lui-m\u00eame ne le sait pas.\u00a0<a title=\"\" href=\"http:\/\/bible.cc\/mark\/4-28.htm\"><strong>28<\/strong><\/a>\u00a0\u00abLe sol produit des r\u00e9coltes par lui-m\u00eame; d'abord la lame, puis la t\u00eate, puis le grain m\u00fbr dans la t\u00eate.\u00a0<a title=\"\" href=\"http:\/\/bible.cc\/mark\/4-29.htm\"><strong>29<\/strong><\/a>\u00a0\u00abMais quand la r\u00e9colte le permet, il met aussit\u00f4t la faucille, car la moisson est arriv\u00e9e.<\/p>\t\t\t\t\t\t\t\t<\/div>\n\t\t\t\t<\/div>\n\t\t\t\t\t<\/div>\n\t\t<\/div>\n\t\t\t\t\t<\/div>\n\t\t<\/section>\n\t\t\t\t<div class=\"elementor-element elementor-element-1d6c6e5 elementor-widget elementor-widget-text-editor\" data-id=\"1d6c6e5\" data-element_type=\"widget\" data-widget_type=\"text-editor.default\">\n\t\t\t\t<div class=\"elementor-widget-container\">\n\t\t\t\t\t\t\t\t\t<p>Des dizaines de milliers de paquets ont \u00e9t\u00e9 distribu\u00e9s au fil des ans aux Nord-Africains qui vivent dans une ville euro-m\u00e9diterran\u00e9enne qui poss\u00e8de \u00e9galement un port de ferry. Lorsque les distributeurs terminent au port, ils se rendent en ville et rejoignent les Nord-Africains qui y vivent \u00e9galement.<\/p><p>Un Fran\u00e7ais d'origine nord-africaine au milieu de la quarantaine a d\u00e9m\u00e9nag\u00e9 dans cette ville et s'est rendu dans une \u00abbiblioth\u00e8que\u00bb o\u00f9 des livres peuvent \u00eatre \u00e9chang\u00e9s. Il a \u00e9chang\u00e9 un livre qu'il avait contre l'un des livres distribu\u00e9s par les \u00e9quipes, \u00abMore Than a Carpenter\u00bb de Josh McDowell.<\/p><p>Une semaine plus tard, cet homme a rencontr\u00e9 un maghr\u00e9bin venu depuis un mois dans cette m\u00eame ville pour rejoindre les Maghr\u00e9bins qui y vivent. Apr\u00e8s avoir lu le livre, l'homme \u00e9tait pr\u00eat \u00e0 recevoir le Christ alors que le nord africain partageait l'\u00e9vangile avec lui. Ils se sont ensuite rencontr\u00e9s 6 ou 7 fois avant son retour dans son pays d'origine. Au cours de ces moments de rencontre, le nouveau croyant en a appris davantage sur qui il est en Christ et comment grandir spirituellement. Il a \u00e9galement racont\u00e9 comment sa s\u0153ur, qui \u00e9tait venue au Christ des ann\u00e9es auparavant, avait pri\u00e9 pour lui. De plus, il a exprim\u00e9 un fort d\u00e9sir de parler \u00e9galement de J\u00e9sus aux autres.<br \/>\u200b<br \/>Le nouveau croyant a \u00e9t\u00e9 pr\u00e9sent\u00e9 \u00e0 un pasteur local et a continu\u00e9 \u00e0 se r\u00e9unir seul avec le pasteur chaque semaine ainsi qu'\u00e0 assister aux activit\u00e9s r\u00e9guli\u00e8res de l'\u00e9glise.<\/p>\t\t\t\t\t\t\t\t<\/div>\n\t\t\t\t<\/div>\n\t\t\t\t<div class=\"elementor-element elementor-element-aee07d7 elementor-widget elementor-widget-spacer\" data-id=\"aee07d7\" data-element_type=\"widget\" data-widget_type=\"spacer.default\">\n\t\t\t\t<div class=\"elementor-widget-container\">\n\t\t\t\t\t\t\t<div class=\"elementor-spacer\">\n\t\t\t<div class=\"elementor-spacer-inner\"><\/div>\n\t\t<\/div>\n\t\t\t\t\t\t<\/div>\n\t\t\t\t<\/div>\n\t\t\t\t\t<\/div>\n\t\t<\/div>\n\t\t\t\t\t<\/div>\n\t\t<\/section>\n\t\t\t\t<\/div>","protected":false},"excerpt":{"rendered":"<p>A North American offered a New Testament as a part of a gift packet to a North African man in Algeciras, Spain while Spaniards looked on to see how the distribution was done. The enthusiastic North African accepted the packet asking for a second for his friend. The distributors continued on their way.\u00a0 As the [&hellip;]<\/p>","protected":false},"author":8937,"featured_media":0,"parent":0,"menu_order":0,"comment_status":"closed","ping_status":"closed","template":"","meta":{"site-sidebar-layout":"no-sidebar","site-content-layout":"page-builder","ast-site-content-layout":"default","site-content-style":"default","site-sidebar-style":"default","ast-global-header-display":"","ast-banner-title-visibility":"","ast-main-header-display":"","ast-hfb-above-header-display":"","ast-hfb-below-header-display":"","ast-hfb-mobile-header-display":"","site-post-title":"disabled","ast-breadcrumbs-content":"","ast-featured-img":"disabled","footer-sml-layout":"","ast-disable-related-posts":"","theme-transparent-header-meta":"default","adv-header-id-meta":"","stick-header-meta":"","header-above-stick-meta":"","header-main-stick-meta":"","header-below-stick-meta":"","astra-migrate-meta-layouts":"default","ast-page-background-enabled":"default","ast-page-background-meta":{"desktop":{"background-color":"","background-image":"","background-repeat":"repeat","background-position":"center center","background-size":"auto","background-attachment":"scroll","background-type":"","background-media":"","overlay-type":"","overlay-color":"","overlay-opacity":"","overlay-gradient":""},"tablet":{"background-color":"","background-image":"","background-repeat":"repeat","background-position":"center center","background-size":"auto","background-attachment":"scroll","background-type":"","background-media":"","overlay-type":"","overlay-color":"","overlay-opacity":"","overlay-gradient":""},"mobile":{"background-color":"","background-image":"","background-repeat":"repeat","background-position":"center center","background-size":"auto","background-attachment":"scroll","background-type":"","background-media":"","overlay-type":"","overlay-color":"","overlay-opacity":"","overlay-gradient":""}},"ast-content-background-meta":{"desktop":{"background-color":"var(--ast-global-color-5)","background-image":"","background-repeat":"repeat","background-position":"center center","background-size":"auto","background-attachment":"scroll","background-type":"","background-media":"","overlay-type":"","overlay-color":"","overlay-opacity":"","overlay-gradient":""},"tablet":{"background-color":"var(--ast-global-color-5)","background-image":"","background-repeat":"repeat","background-position":"center center","background-size":"auto","background-attachment":"scroll","background-type":"","background-media":"","overlay-type":"","overlay-color":"","overlay-opacity":"","overlay-gradient":""},"mobile":{"background-color":"var(--ast-global-color-5)","background-image":"","background-repeat":"repeat","background-position":"center center","background-size":"auto","background-attachment":"scroll","background-type":"","background-media":"","overlay-type":"","overlay-color":"","overlay-opacity":"","overlay-gradient":""}},"footnotes":""},"class_list":["post-5","page","type-page","status-publish","hentry"],"jetpack_sharing_enabled":true,"meta_box":[],"_links":{"self":[{"href":"https:\/\/optransit.net\/fr\/wp-json\/wp\/v2\/pages\/5","targetHints":{"allow":["GET"]}}],"collection":[{"href":"https:\/\/optransit.net\/fr\/wp-json\/wp\/v2\/pages"}],"about":[{"href":"https:\/\/optransit.net\/fr\/wp-json\/wp\/v2\/types\/page"}],"author":[{"embeddable":true,"href":"https:\/\/optransit.net\/fr\/wp-json\/wp\/v2\/users\/8937"}],"replies":[{"embeddable":true,"href":"https:\/\/optransit.net\/fr\/wp-json\/wp\/v2\/comments?post=5"}],"version-history":[{"count":188,"href":"https:\/\/optransit.net\/fr\/wp-json\/wp\/v2\/pages\/5\/revisions"}],"predecessor-version":[{"id":869,"href":"https:\/\/optransit.net\/fr\/wp-json\/wp\/v2\/pages\/5\/revisions\/869"}],"wp:attachment":[{"href":"https:\/\/optransit.net\/fr\/wp-json\/wp\/v2\/media?parent=5"}],"curies":[{"name":"wp","href":"https:\/\/api.w.org\/{rel}","templated":true}]}}