{"id":46,"date":"2021-09-09T22:37:37","date_gmt":"2021-09-09T22:37:37","guid":{"rendered":"https:\/\/wp-sites.ccci.org\/operationtransit\/?page_id=46"},"modified":"2023-09-25T13:25:38","modified_gmt":"2023-09-25T13:25:38","slug":"history","status":"publish","type":"page","link":"https:\/\/optransit.net\/fr\/history\/","title":{"rendered":"l'Histoire"},"content":{"rendered":"<h1>Croissance et Changement<\/h1>\n<p>En 1993, premi\u00e8re ann\u00e9e de distribution, 35 000 nouveaux testaments ont \u00e9t\u00e9 distribu\u00e9s. Le nombre d'articles distribu\u00e9s a tripl\u00e9 l'ann\u00e9e suivante et tripl\u00e9 \u00e0 nouveau l'ann\u00e9e suivante. Des augmentations ont suivi avec l'expansion vers d'autres ports. En 2000, la distribution totale de l\u2019ann\u00e9e d\u00e9passait le million d\u2019articles, l\u2019ann\u00e9e de pointe \u00e9tant 2002, co\u00efncidant avec la forte r\u00e9ceptivit\u00e9 qui a suivi le 911. La poursuite de la distribution \u00e0 Alg\u00e9siras en 2002 \u00e9tait tout simplement miraculeuse. L\u2019invasion inexplicable par le Maroc d\u2019une petite \u00eele espagnole inhabit\u00e9e a permis un \u00e9t\u00e9 record \u00e0 Alg\u00e9siras et une ann\u00e9e record tout au long de l\u2019ann\u00e9e.&nbsp;&nbsp;&nbsp;&nbsp;<\/p>\n<p>24-7&nbsp;distribution&nbsp;had to be curtailed in Algeciras following the 2003 terrorist attacks in Casablanca; Almeria faced similar&nbsp;difficulties following the 2004 terrorist attacks in Madrid. Distribution still takes place at both ports yet without every traveler being offered materials.<\/p>\n<p>Tout au long de l'\u00e9t\u00e9 1997, un dirigeant du partenariat a exprim\u00e9 la n\u00e9cessit\u00e9 pour les chr\u00e9tiens du Moyen-Orient de t\u00e9moigner parall\u00e8lement \u00e0 la distribution car, avec tant de documents distribu\u00e9s, beaucoup seraient pr\u00eats \u00e0 r\u00e9pondre. Les premi\u00e8res \u00e9quipes de ce type ont commenc\u00e9 \u00e0 arriver l'\u00e9t\u00e9 suivant et ont vu pr\u00e8s de 200 personnes d'origine musulmane indiquer qu'elles avaient re\u00e7u le Christ avec elles. Aucun de ces chiffres n'avait jamais \u00e9t\u00e9 rapport\u00e9 avant cela. Les ann\u00e9es qui ont suivi ont vu n'importe o\u00f9 de 129, en 2004, \u00e0 plus de 300, en 2000, indiquent venir au Christ \u00e0 travers le t\u00e9moignage face \u00e0 face des participants au projet.<\/p>\n<p><img loading=\"lazy\" decoding=\"async\" width=\"683\" height=\"1024\" src=\"https:\/\/wp-sites.ccci.org\/operationtransit\/wp-content\/uploads\/sites\/344\/2021\/09\/2012-06-26_10-36-16-683x1024.jpg\" alt=\"\"><\/p>\n<p>From the project\u2019s inception,&nbsp; priority has been given to follow-up, discipleship, and training. Recipients of materials received a form publicizing other ways to hear the gospel. Some attribute the initial success of SAT7, Arabic Christian satellite broadcasting, within Morocco and Algeria to the publicity it received at the ports. These publicity forms included opportunities to contact Christians and\/or enroll in Bible correspondence courses.&nbsp;&nbsp;Hundreds responded every year.&nbsp;&nbsp;&nbsp;&nbsp;<\/p>\n<p>North African believers were involved as early as 1993, the first year of distribution. Training of North Africans to share their faith, do follow-up, and further disciple others began in 1995 in Algeciras. In 1997 this training took place in&nbsp;Marseilles&nbsp;and later moved to Malta where more North African residents could participate. By 2002 the&nbsp;national believers themselves preferred doing their own training in various locations either with or aside from Operation Transit.&nbsp;&nbsp;&nbsp;<\/p>\n<p>Qu'ils soient arabophones ou non arabophones, tous les participants sont form\u00e9s pour aider \u00e0 remplir la Grand Mandat dans la puissance du Saint-Esprit, y compris comment t\u00e9moigner et comment t\u00e9moigner avec un musulman.<\/p>","protected":false},"excerpt":{"rendered":"<p>Growth and Change In 1993, the first year of distribution, 35,000 New Testaments were distributed. The number of items distributed tripled the following year and tripled again the year after. Increases followed with expansion to other ports. By 2000 the total year\u2019s distribution exceeded 1 million items with the peak year being 2002 coinciding with [&hellip;]<\/p>","protected":false},"author":33809,"featured_media":0,"parent":0,"menu_order":0,"comment_status":"closed","ping_status":"closed","template":"","meta":{"site-sidebar-layout":"no-sidebar","site-content-layout":"page-builder","ast-site-content-layout":"default","site-content-style":"default","site-sidebar-style":"default","ast-global-header-display":"","ast-banner-title-visibility":"","ast-main-header-display":"","ast-hfb-above-header-display":"","ast-hfb-below-header-display":"","ast-hfb-mobile-header-display":"","site-post-title":"disabled","ast-breadcrumbs-content":"","ast-featured-img":"disabled","footer-sml-layout":"","ast-disable-related-posts":"","theme-transparent-header-meta":"default","adv-header-id-meta":"","stick-header-meta":"","header-above-stick-meta":"","header-main-stick-meta":"","header-below-stick-meta":"","astra-migrate-meta-layouts":"default","ast-page-background-enabled":"default","ast-page-background-meta":{"desktop":{"background-color":"","background-image":"","background-repeat":"repeat","background-position":"center center","background-size":"auto","background-attachment":"scroll","background-type":"","background-media":"","overlay-type":"","overlay-color":"","overlay-opacity":"","overlay-gradient":""},"tablet":{"background-color":"","background-image":"","background-repeat":"repeat","background-position":"center center","background-size":"auto","background-attachment":"scroll","background-type":"","background-media":"","overlay-type":"","overlay-color":"","overlay-opacity":"","overlay-gradient":""},"mobile":{"background-color":"","background-image":"","background-repeat":"repeat","background-position":"center center","background-size":"auto","background-attachment":"scroll","background-type":"","background-media":"","overlay-type":"","overlay-color":"","overlay-opacity":"","overlay-gradient":""}},"ast-content-background-meta":{"desktop":{"background-color":"var(--ast-global-color-5)","background-image":"","background-repeat":"repeat","background-position":"center center","background-size":"auto","background-attachment":"scroll","background-type":"","background-media":"","overlay-type":"","overlay-color":"","overlay-opacity":"","overlay-gradient":""},"tablet":{"background-color":"var(--ast-global-color-5)","background-image":"","background-repeat":"repeat","background-position":"center center","background-size":"auto","background-attachment":"scroll","background-type":"","background-media":"","overlay-type":"","overlay-color":"","overlay-opacity":"","overlay-gradient":""},"mobile":{"background-color":"var(--ast-global-color-5)","background-image":"","background-repeat":"repeat","background-position":"center center","background-size":"auto","background-attachment":"scroll","background-type":"","background-media":"","overlay-type":"","overlay-color":"","overlay-opacity":"","overlay-gradient":""}},"footnotes":""},"class_list":["post-46","page","type-page","status-publish","hentry"],"jetpack_sharing_enabled":true,"meta_box":[],"_links":{"self":[{"href":"https:\/\/optransit.net\/fr\/wp-json\/wp\/v2\/pages\/46","targetHints":{"allow":["GET"]}}],"collection":[{"href":"https:\/\/optransit.net\/fr\/wp-json\/wp\/v2\/pages"}],"about":[{"href":"https:\/\/optransit.net\/fr\/wp-json\/wp\/v2\/types\/page"}],"author":[{"embeddable":true,"href":"https:\/\/optransit.net\/fr\/wp-json\/wp\/v2\/users\/33809"}],"replies":[{"embeddable":true,"href":"https:\/\/optransit.net\/fr\/wp-json\/wp\/v2\/comments?post=46"}],"version-history":[{"count":57,"href":"https:\/\/optransit.net\/fr\/wp-json\/wp\/v2\/pages\/46\/revisions"}],"predecessor-version":[{"id":912,"href":"https:\/\/optransit.net\/fr\/wp-json\/wp\/v2\/pages\/46\/revisions\/912"}],"wp:attachment":[{"href":"https:\/\/optransit.net\/fr\/wp-json\/wp\/v2\/media?parent=46"}],"curies":[{"name":"wp","href":"https:\/\/api.w.org\/{rel}","templated":true}]}}