{"id":431,"date":"2021-09-22T23:23:45","date_gmt":"2021-09-22T23:23:45","guid":{"rendered":"https:\/\/wp-sites.ccci.org\/operationtransit\/?page_id=431"},"modified":"2021-10-21T12:53:47","modified_gmt":"2021-10-21T12:53:47","slug":"stories","status":"publish","type":"page","link":"https:\/\/optransit.net\/fr\/stories\/","title":{"rendered":"Histoires"},"content":{"rendered":"<div data-elementor-type=\"wp-page\" data-elementor-id=\"431\" class=\"elementor elementor-431\" data-elementor-post-type=\"page\">\n\t\t\t\t\t\t<section class=\"elementor-section elementor-top-section elementor-element elementor-element-fad76d2 elementor-section-full_width elementor-section-height-default elementor-section-height-default\" data-id=\"fad76d2\" data-element_type=\"section\">\n\t\t\t\t\t\t<div class=\"elementor-container elementor-column-gap-default\">\n\t\t\t\t\t<div class=\"elementor-column elementor-col-100 elementor-top-column elementor-element elementor-element-9f3c1b1\" data-id=\"9f3c1b1\" data-element_type=\"column\" data-settings=\"{&quot;background_background&quot;:&quot;classic&quot;}\">\n\t\t\t<div class=\"elementor-widget-wrap elementor-element-populated\">\n\t\t\t\t\t<div class=\"elementor-background-overlay\"><\/div>\n\t\t\t\t\t\t<div class=\"elementor-element elementor-element-2f7ff3e6 elementor-widget elementor-widget-spacer\" data-id=\"2f7ff3e6\" data-element_type=\"widget\" data-widget_type=\"spacer.default\">\n\t\t\t\t<div class=\"elementor-widget-container\">\n\t\t\t\t\t\t\t<div class=\"elementor-spacer\">\n\t\t\t<div class=\"elementor-spacer-inner\"><\/div>\n\t\t<\/div>\n\t\t\t\t\t\t<\/div>\n\t\t\t\t<\/div>\n\t\t\t\t<section class=\"elementor-section elementor-inner-section elementor-element elementor-element-47eab5ca elementor-section-boxed elementor-section-height-default elementor-section-height-default\" data-id=\"47eab5ca\" data-element_type=\"section\">\n\t\t\t\t\t\t<div class=\"elementor-container elementor-column-gap-default\">\n\t\t\t\t\t<div class=\"elementor-column elementor-col-100 elementor-inner-column elementor-element elementor-element-75d22ab\" data-id=\"75d22ab\" data-element_type=\"column\">\n\t\t\t<div class=\"elementor-widget-wrap elementor-element-populated\">\n\t\t\t\t\t\t<div class=\"elementor-element elementor-element-4872adde elementor-widget elementor-widget-heading\" data-id=\"4872adde\" data-element_type=\"widget\" data-widget_type=\"heading.default\">\n\t\t\t\t<div class=\"elementor-widget-container\">\n\t\t\t\t\t<h1 class=\"elementor-heading-title elementor-size-default\">Histoires<\/h1>\t\t\t\t<\/div>\n\t\t\t\t<\/div>\n\t\t\t\t\t<\/div>\n\t\t<\/div>\n\t\t\t\t\t<\/div>\n\t\t<\/section>\n\t\t\t\t\t<\/div>\n\t\t<\/div>\n\t\t\t\t\t<\/div>\n\t\t<\/section>\n\t\t\t\t<section class=\"elementor-section elementor-top-section elementor-element elementor-element-1884b6b5 elementor-section-boxed elementor-section-height-default elementor-section-height-default\" data-id=\"1884b6b5\" data-element_type=\"section\">\n\t\t\t\t\t\t<div class=\"elementor-container elementor-column-gap-default\">\n\t\t\t\t\t<div class=\"elementor-column elementor-col-100 elementor-top-column elementor-element elementor-element-2ea41e07\" data-id=\"2ea41e07\" data-element_type=\"column\">\n\t\t\t<div class=\"elementor-widget-wrap elementor-element-populated\">\n\t\t\t\t\t\t<div class=\"elementor-element elementor-element-468e7b3c elementor-widget elementor-widget-spacer\" data-id=\"468e7b3c\" data-element_type=\"widget\" data-widget_type=\"spacer.default\">\n\t\t\t\t<div class=\"elementor-widget-container\">\n\t\t\t\t\t\t\t<div class=\"elementor-spacer\">\n\t\t\t<div class=\"elementor-spacer-inner\"><\/div>\n\t\t<\/div>\n\t\t\t\t\t\t<\/div>\n\t\t\t\t<\/div>\n\t\t\t\t<div class=\"elementor-element elementor-element-d5617d3 elementor-widget elementor-widget-text-editor\" data-id=\"d5617d3\" data-element_type=\"widget\" data-widget_type=\"text-editor.default\">\n\t\t\t\t<div class=\"elementor-widget-container\">\n\t\t\t\t\t\t\t\t\t<p><strong><span style=\"font-size: large\">2 Chronicles 30:1-13<\/span><\/strong><br \/><span style=\"color: #2a2a2a\">\u00a0<\/span><br \/>1\u00a0Hezekiah sent to all Israel and Judah, and wrote letters also to Ephraim and Manasseh, that they should come to the house of the\u00a0Lord\u00a0at Jerusalem to keep the Passover to the\u00a0Lord, the God of Israel.\u00a02\u00a0For the king and his princes and all the assembly in Jerusalem had taken counsel to keep the Passover\u00a0in the second month\u2014\u00a03\u00a0for they could not keep it\u00a0at that time\u00a0because the priests had not consecrated themselves in sufficient number, nor had the people assembled in Jerusalem\u2014\u00a04\u00a0and the plan seemed right to the king and all the assembly.\u00a05\u00a0So they decreed to make a proclamation throughout all Israel,\u00a0from Beersheba to Dan, that the people should come and keep the Passover to the\u00a0Lord, the God of Israel, at Jerusalem, for they had not kept it as often as prescribed.\u00a06\u00a0So couriers went throughout all Israel and Judah with letters from the king and his princes, as the king had commanded, saying, \u201cO people of Israel,\u00a0return to the\u00a0Lord, the God of Abraham, Isaac, and Israel, that he may turn again to the remnant of you who have escaped from the hand of\u00a0the kings of Assyria.\u00a07\u00a0Do not be like your fathers and your brothers, who were faithless to the\u00a0Lord\u00a0God of their fathers, so that he made them a desolation, as you see.\u00a08\u00a0Do not now be stiff-necked as your fathers were, but yield yourselves to the\u00a0Lord\u00a0and come to his sanctuary, which he has consecrated forever, and serve the\u00a0Lord\u00a0your God,\u00a0that his fierce anger may turn away from you.\u00a09\u00a0For\u00a0if you return to the\u00a0Lord, your brothers and your children\u00a0will find compassion with their captors and return to this land. For\u00a0the\u00a0Lord\u00a0your God is gracious and merciful and will not turn away his face from you,\u00a0if you return to him.\u201d<\/p><p>10\u00a0So the couriers went from city to city through the country of\u00a0Ephraim and Manasseh, and as far as Zebulun, but\u00a0they laughed them to scorn and mocked them.\u00a011\u00a0However,\u00a0some men of Asher, of Manasseh, and of Zebulun humbled themselves and came to Jerusalem.\u00a012\u00a0The hand of God was also on Judah to give them one heart to do what the king and the princes commanded\u00a0by the word of the\u00a0Lord.<\/p><p>13\u00a0And many people came together in Jerusalem to keep the Feast of Unleavened Bread\u00a0in the second month, a very great assembly.\u00a0<\/p>\t\t\t\t\t\t\t\t<\/div>\n\t\t\t\t<\/div>\n\t\t\t\t<div class=\"elementor-element elementor-element-07b26c1 elementor-widget elementor-widget-text-editor\" data-id=\"07b26c1\" data-element_type=\"widget\" data-widget_type=\"text-editor.default\">\n\t\t\t\t<div class=\"elementor-widget-container\">\n\t\t\t\t\t\t\t\t\t<p>Hezekiah sent out messengers to Israel and Judah inviting people to the Passover celebration. This summer Jesus sent more than two hundred messengers to the ports of the western Mediterranean Sea inviting North Africans to His Passover.\u00a0 Invitations came through New Testaments, Magdalena and JESUS Film DVDs, Josh McDowell\u2019s More than a Carpenter, and children\u2019s Wonder Books along with words spoken by the participants who were trained to witness with a Muslim.<br \/>\u00a0<br \/>The messengers went forth with authority.\u00a0 Often local officials stood opposed, but Jesus, \u201cwho opens doors that no one can shut\u201d and who sent the messengers with \u201call authority in heaven and earth,\u201d enabled many to continue to receive the &#8220;invitations&#8221; to the Passover Lamb.<br \/>\u00a0<br \/>Many North Africans who were offered the &#8220;invitations&#8221;, \u201claughed them to scorn\u201d; often hindering other North Africans from accepting.\u00a0 Yet, as seen by the numbers distributed and the stories of the next column, \u201csome men\u2026 humbled themselves\u201d accepting packets. \u00a0A good number of these indicated receiving Christ into their lives.\u00a0<br \/>\u00a0<br \/>The stories that follow include the on-going witness of people impacted by previous years\u2019 outreach. No one knows the date of Jesus\u2019 return.\u00a0 It looks to be soon.\u00a0 Soon or not, when we meet in heaven there will be \u201ca very great assembly\u201d among which will be countless North Africans.<\/p>\t\t\t\t\t\t\t\t<\/div>\n\t\t\t\t<\/div>\n\t\t\t\t<section class=\"elementor-section elementor-inner-section elementor-element elementor-element-37c1797 elementor-section-boxed elementor-section-height-default elementor-section-height-default\" data-id=\"37c1797\" data-element_type=\"section\">\n\t\t\t\t\t\t<div class=\"elementor-container elementor-column-gap-wider\">\n\t\t\t\t\t<div class=\"elementor-column elementor-col-66 elementor-inner-column elementor-element elementor-element-e8ff902\" data-id=\"e8ff902\" data-element_type=\"column\">\n\t\t\t<div class=\"elementor-widget-wrap elementor-element-populated\">\n\t\t\t\t\t\t<div class=\"elementor-element elementor-element-8c3f06f elementor-grid-1 elementor-posts--thumbnail-left elementor-grid-tablet-2 elementor-grid-mobile-1 elementor-widget elementor-widget-posts\" data-id=\"8c3f06f\" data-element_type=\"widget\" data-settings=\"{&quot;classic_columns&quot;:&quot;1&quot;,&quot;classic_columns_tablet&quot;:&quot;2&quot;,&quot;classic_columns_mobile&quot;:&quot;1&quot;,&quot;classic_row_gap&quot;:{&quot;unit&quot;:&quot;px&quot;,&quot;size&quot;:35,&quot;sizes&quot;:[]},&quot;classic_row_gap_tablet&quot;:{&quot;unit&quot;:&quot;px&quot;,&quot;size&quot;:&quot;&quot;,&quot;sizes&quot;:[]},&quot;classic_row_gap_mobile&quot;:{&quot;unit&quot;:&quot;px&quot;,&quot;size&quot;:&quot;&quot;,&quot;sizes&quot;:[]}}\" data-widget_type=\"posts.classic\">\n\t\t\t\t<div class=\"elementor-widget-container\">\n\t\t\t\t\t\t\t<div class=\"elementor-posts-container elementor-posts elementor-posts--skin-classic elementor-grid\" role=\"list\">\n\t\t\t\t<article class=\"elementor-post elementor-grid-item post-455 post type-post status-publish format-standard hentry category-uncategorized\" role=\"listitem\">\n\t\t\t\t<div class=\"elementor-post__text\">\n\t\t\t\t<h3 class=\"elementor-post__title\">\n\t\t\t<a href=\"https:\/\/optransit.net\/fr\/elementor-455\/\" >\n\t\t\t\t2020 Statistics\t\t\t<\/a>\n\t\t<\/h3>\n\t\t\t\t<div class=\"elementor-post__meta-data\">\n\t\t\t\t\t<span class=\"elementor-post-date\">\n\t\t\tseptembre 22, 2021\t\t<\/span>\n\t\t\t\t<\/div>\n\t\t\t\t<div class=\"elementor-post__excerpt\">\n\t\t\t<p>2020 Statistics<\/p>\n\t\t<\/div>\n\t\t\n\t\t<a class=\"elementor-post__read-more\" href=\"https:\/\/optransit.net\/fr\/elementor-455\/\" aria-label=\"Read more about 2020 Statistics\" tabindex=\"-1\" >\n\t\t\tRead More \u00bb\t\t<\/a>\n\n\t\t\t\t<\/div>\n\t\t\t\t<\/article>\n\t\t\t\t<article class=\"elementor-post elementor-grid-item post-390 post type-post status-publish format-standard hentry category-uncategorized\" role=\"listitem\">\n\t\t\t\t<div class=\"elementor-post__text\">\n\t\t\t\t<h3 class=\"elementor-post__title\">\n\t\t\t<a href=\"https:\/\/optransit.net\/fr\/elementor-390\/\" >\n\t\t\t\t'Non Verrouill\u00e9'\t\t\t<\/a>\n\t\t<\/h3>\n\t\t\t\t<div class=\"elementor-post__meta-data\">\n\t\t\t\t\t<span class=\"elementor-post-date\">\n\t\t\tseptembre 22, 2021\t\t<\/span>\n\t\t\t\t<\/div>\n\t\t\t\t<div class=\"elementor-post__excerpt\">\n\t\t\t<p>Un couple, lors de leur marche de verrouillage de phase 1, a entendu de la musique arabe depuis une voiture gar\u00e9e. Ils ont offert un paquet qui a \u00e9t\u00e9 accept\u00e9 de mani\u00e8re d\u00e9cisive.\nUn homme se rendant \u00e0 un repas de fin de Ramadan a refus\u00e9 le paquet. Lorsqu'on lui a offert une cl\u00e9 USB, il a chang\u00e9, l'acceptant avec une appr\u00e9ciation abondante.\nUn jeune homme lisait le Wonder Book sur des marches isol\u00e9es.<\/p>\n\t\t<\/div>\n\t\t\n\t\t<a class=\"elementor-post__read-more\" href=\"https:\/\/optransit.net\/fr\/elementor-390\/\" aria-label=\"Read more about Un-Locked\" tabindex=\"-1\" >\n\t\t\tRead More \u00bb\t\t<\/a>\n\n\t\t\t\t<\/div>\n\t\t\t\t<\/article>\n\t\t\t\t<article class=\"elementor-post elementor-grid-item post-368 post type-post status-publish format-standard hentry category-uncategorized\" role=\"listitem\">\n\t\t\t\t<div class=\"elementor-post__text\">\n\t\t\t\t<h3 class=\"elementor-post__title\">\n\t\t\t<a href=\"https:\/\/optransit.net\/fr\/pre-lockdown\/\" >\n\t\t\t\tAvant le Verrouillage\t\t\t<\/a>\n\t\t<\/h3>\n\t\t\t\t<div class=\"elementor-post__meta-data\">\n\t\t\t\t\t<span class=\"elementor-post-date\">\n\t\t\tseptembre 22, 2021\t\t<\/span>\n\t\t\t\t<\/div>\n\t\t\t\t<div class=\"elementor-post__excerpt\">\n\t\t\t<p>Un homme a demand\u00e9 \u00e0 un distributeur ce qu'elle proposait. Il s'est int\u00e9ress\u00e9, a rencontr\u00e9 des chr\u00e9tiens locaux et nord-africains et a commenc\u00e9 \u00e0 fr\u00e9quenter l'\u00e9glise. Aujourd'hui, il vit dans son pays d'origine, toujours un t\u00e9moin clair du Seigneur.<\/p>\n\t\t<\/div>\n\t\t\n\t\t<a class=\"elementor-post__read-more\" href=\"https:\/\/optransit.net\/fr\/pre-lockdown\/\" aria-label=\"Read more about Pre-Lockdown\" tabindex=\"-1\" >\n\t\t\tRead More \u00bb\t\t<\/a>\n\n\t\t\t\t<\/div>\n\t\t\t\t<\/article>\n\t\t\t\t<\/div>\n\t\t\n\t\t\t\t\t\t<\/div>\n\t\t\t\t<\/div>\n\t\t\t\t\t<\/div>\n\t\t<\/div>\n\t\t\t\t<div class=\"elementor-column elementor-col-33 elementor-inner-column elementor-element elementor-element-4b7b018\" data-id=\"4b7b018\" data-element_type=\"column\">\n\t\t\t<div class=\"elementor-widget-wrap elementor-element-populated\">\n\t\t\t\t\t\t<div class=\"elementor-element elementor-element-73672fe elementor-widget elementor-widget-sidebar\" data-id=\"73672fe\" data-element_type=\"widget\" data-widget_type=\"sidebar.default\">\n\t\t\t\t<div class=\"elementor-widget-container\">\n\t\t\t\t\t\n\t\t<aside id=\"recent-posts-2\" class=\"widget widget_recent_entries\">\n\t\t<h2 class=\"widget-title\">Articles r\u00e9cents<\/h2><nav aria-label=\"Articles r\u00e9cents\">\n\t\t<ul>\n\t\t\t\t\t\t\t\t\t\t\t<li>\n\t\t\t\t\t<a href=\"https:\/\/optransit.net\/fr\/elementor-455\/\">2020 Statistics<\/a>\n\t\t\t\t\t\t\t\t\t<\/li>\n\t\t\t\t\t\t\t\t\t\t\t<li>\n\t\t\t\t\t<a href=\"https:\/\/optransit.net\/fr\/elementor-390\/\">'Non Verrouill\u00e9'<\/a>\n\t\t\t\t\t\t\t\t\t<\/li>\n\t\t\t\t\t\t\t\t\t\t\t<li>\n\t\t\t\t\t<a href=\"https:\/\/optransit.net\/fr\/pre-lockdown\/\">Avant le Verrouillage<\/a>\n\t\t\t\t\t\t\t\t\t<\/li>\n\t\t\t\t\t<\/ul>\n\n\t\t<\/nav><\/aside><aside id=\"block-2\" class=\"widget widget_block\"><div class=\"logged-out wp-block-loginout\"><a href=\"https:\/\/optransit.net\/wp-login.php?redirect_to=https%3A%2F%2Foptransit.net%2Ffr%2Fwp-json%2Fwp%2Fv2%2Fpages%2F431&#038;fromURI=https%3A%2F%2Foptransit.net%2Ffr%2Fwp-json%2Fwp%2Fv2%2Fpages%2F431\">Connexion<\/a><\/div><\/aside>\t\t\t\t<\/div>\n\t\t\t\t<\/div>\n\t\t\t\t\t<\/div>\n\t\t<\/div>\n\t\t\t\t\t<\/div>\n\t\t<\/section>\n\t\t\t\t<div class=\"elementor-element elementor-element-8935557 elementor-widget elementor-widget-spacer\" data-id=\"8935557\" data-element_type=\"widget\" data-widget_type=\"spacer.default\">\n\t\t\t\t<div class=\"elementor-widget-container\">\n\t\t\t\t\t\t\t<div class=\"elementor-spacer\">\n\t\t\t<div class=\"elementor-spacer-inner\"><\/div>\n\t\t<\/div>\n\t\t\t\t\t\t<\/div>\n\t\t\t\t<\/div>\n\t\t\t\t\t<\/div>\n\t\t<\/div>\n\t\t\t\t\t<\/div>\n\t\t<\/section>\n\t\t\t\t<\/div>","protected":false},"excerpt":{"rendered":"<p>Select Stories 2 Chronicles 30:1-13\u00a01\u00a0Hezekiah sent to all Israel and Judah, and wrote letters also to Ephraim and Manasseh, that they should come to the house of the\u00a0Lord\u00a0at Jerusalem to keep the Passover to the\u00a0Lord, the God of Israel.\u00a02\u00a0For the king and his princes and all the assembly in Jerusalem had taken counsel to keep [&hellip;]<\/p>","protected":false},"author":33809,"featured_media":0,"parent":0,"menu_order":0,"comment_status":"closed","ping_status":"closed","template":"","meta":{"site-sidebar-layout":"no-sidebar","site-content-layout":"page-builder","ast-site-content-layout":"default","site-content-style":"default","site-sidebar-style":"default","ast-global-header-display":"","ast-banner-title-visibility":"","ast-main-header-display":"","ast-hfb-above-header-display":"","ast-hfb-below-header-display":"","ast-hfb-mobile-header-display":"","site-post-title":"disabled","ast-breadcrumbs-content":"","ast-featured-img":"disabled","footer-sml-layout":"","ast-disable-related-posts":"","theme-transparent-header-meta":"default","adv-header-id-meta":"","stick-header-meta":"","header-above-stick-meta":"","header-main-stick-meta":"","header-below-stick-meta":"","astra-migrate-meta-layouts":"default","ast-page-background-enabled":"default","ast-page-background-meta":{"desktop":{"background-color":"","background-image":"","background-repeat":"repeat","background-position":"center center","background-size":"auto","background-attachment":"scroll","background-type":"","background-media":"","overlay-type":"","overlay-color":"","overlay-opacity":"","overlay-gradient":""},"tablet":{"background-color":"","background-image":"","background-repeat":"repeat","background-position":"center center","background-size":"auto","background-attachment":"scroll","background-type":"","background-media":"","overlay-type":"","overlay-color":"","overlay-opacity":"","overlay-gradient":""},"mobile":{"background-color":"","background-image":"","background-repeat":"repeat","background-position":"center center","background-size":"auto","background-attachment":"scroll","background-type":"","background-media":"","overlay-type":"","overlay-color":"","overlay-opacity":"","overlay-gradient":""}},"ast-content-background-meta":{"desktop":{"background-color":"var(--ast-global-color-5)","background-image":"","background-repeat":"repeat","background-position":"center center","background-size":"auto","background-attachment":"scroll","background-type":"","background-media":"","overlay-type":"","overlay-color":"","overlay-opacity":"","overlay-gradient":""},"tablet":{"background-color":"var(--ast-global-color-5)","background-image":"","background-repeat":"repeat","background-position":"center center","background-size":"auto","background-attachment":"scroll","background-type":"","background-media":"","overlay-type":"","overlay-color":"","overlay-opacity":"","overlay-gradient":""},"mobile":{"background-color":"var(--ast-global-color-5)","background-image":"","background-repeat":"repeat","background-position":"center center","background-size":"auto","background-attachment":"scroll","background-type":"","background-media":"","overlay-type":"","overlay-color":"","overlay-opacity":"","overlay-gradient":""}},"footnotes":""},"class_list":["post-431","page","type-page","status-publish","hentry"],"jetpack_sharing_enabled":true,"meta_box":[],"_links":{"self":[{"href":"https:\/\/optransit.net\/fr\/wp-json\/wp\/v2\/pages\/431","targetHints":{"allow":["GET"]}}],"collection":[{"href":"https:\/\/optransit.net\/fr\/wp-json\/wp\/v2\/pages"}],"about":[{"href":"https:\/\/optransit.net\/fr\/wp-json\/wp\/v2\/types\/page"}],"author":[{"embeddable":true,"href":"https:\/\/optransit.net\/fr\/wp-json\/wp\/v2\/users\/33809"}],"replies":[{"embeddable":true,"href":"https:\/\/optransit.net\/fr\/wp-json\/wp\/v2\/comments?post=431"}],"version-history":[{"count":59,"href":"https:\/\/optransit.net\/fr\/wp-json\/wp\/v2\/pages\/431\/revisions"}],"predecessor-version":[{"id":837,"href":"https:\/\/optransit.net\/fr\/wp-json\/wp\/v2\/pages\/431\/revisions\/837"}],"wp:attachment":[{"href":"https:\/\/optransit.net\/fr\/wp-json\/wp\/v2\/media?parent=431"}],"curies":[{"name":"wp","href":"https:\/\/api.w.org\/{rel}","templated":true}]}}