{"id":37,"date":"2021-09-09T22:31:39","date_gmt":"2021-09-09T22:31:39","guid":{"rendered":"https:\/\/wp-sites.ccci.org\/operationtransit\/?page_id=37"},"modified":"2021-10-15T11:22:12","modified_gmt":"2021-10-15T11:22:12","slug":"origins","status":"publish","type":"page","link":"https:\/\/optransit.net\/fr\/origins\/","title":{"rendered":"Origines"},"content":{"rendered":"<div data-elementor-type=\"wp-page\" data-elementor-id=\"37\" class=\"elementor elementor-37\" data-elementor-post-type=\"page\">\n\t\t\t\t\t\t<section class=\"elementor-section elementor-top-section elementor-element elementor-element-60f5822e elementor-section-full_width elementor-section-height-default elementor-section-height-default\" data-id=\"60f5822e\" data-element_type=\"section\">\n\t\t\t\t\t\t<div class=\"elementor-container elementor-column-gap-default\">\n\t\t\t\t\t<div class=\"elementor-column elementor-col-100 elementor-top-column elementor-element elementor-element-4ca43797\" data-id=\"4ca43797\" data-element_type=\"column\" data-settings=\"{&quot;background_background&quot;:&quot;classic&quot;}\">\n\t\t\t<div class=\"elementor-widget-wrap elementor-element-populated\">\n\t\t\t\t\t<div class=\"elementor-background-overlay\"><\/div>\n\t\t\t\t\t\t<div class=\"elementor-element elementor-element-5098b28b elementor-widget elementor-widget-spacer\" data-id=\"5098b28b\" data-element_type=\"widget\" data-widget_type=\"spacer.default\">\n\t\t\t\t<div class=\"elementor-widget-container\">\n\t\t\t\t\t\t\t<div class=\"elementor-spacer\">\n\t\t\t<div class=\"elementor-spacer-inner\"><\/div>\n\t\t<\/div>\n\t\t\t\t\t\t<\/div>\n\t\t\t\t<\/div>\n\t\t\t\t<section class=\"elementor-section elementor-inner-section elementor-element elementor-element-467daced elementor-section-boxed elementor-section-height-default elementor-section-height-default\" data-id=\"467daced\" data-element_type=\"section\">\n\t\t\t\t\t\t<div class=\"elementor-container elementor-column-gap-default\">\n\t\t\t\t\t<div class=\"elementor-column elementor-col-100 elementor-inner-column elementor-element elementor-element-df3f0ec\" data-id=\"df3f0ec\" data-element_type=\"column\">\n\t\t\t<div class=\"elementor-widget-wrap elementor-element-populated\">\n\t\t\t\t\t\t<div class=\"elementor-element elementor-element-3785f167 elementor-widget elementor-widget-heading\" data-id=\"3785f167\" data-element_type=\"widget\" data-widget_type=\"heading.default\">\n\t\t\t\t<div class=\"elementor-widget-container\">\n\t\t\t\t\t<h1 class=\"elementor-heading-title elementor-size-default\">Con\u00e7u par la pri\u00e8re, opportunit\u00e9 et partenariat<\/h1>\t\t\t\t<\/div>\n\t\t\t\t<\/div>\n\t\t\t\t\t<\/div>\n\t\t<\/div>\n\t\t\t\t\t<\/div>\n\t\t<\/section>\n\t\t\t\t\t<\/div>\n\t\t<\/div>\n\t\t\t\t\t<\/div>\n\t\t<\/section>\n\t\t\t\t<section class=\"elementor-section elementor-top-section elementor-element elementor-element-d77dbe9 elementor-section-boxed elementor-section-height-default elementor-section-height-default\" data-id=\"d77dbe9\" data-element_type=\"section\">\n\t\t\t\t\t\t<div class=\"elementor-container elementor-column-gap-default\">\n\t\t\t\t\t<div class=\"elementor-column elementor-col-100 elementor-top-column elementor-element elementor-element-28ecfa7\" data-id=\"28ecfa7\" data-element_type=\"column\">\n\t\t\t<div class=\"elementor-widget-wrap elementor-element-populated\">\n\t\t\t\t\t\t<div class=\"elementor-element elementor-element-44561eb elementor-widget elementor-widget-spacer\" data-id=\"44561eb\" data-element_type=\"widget\" data-widget_type=\"spacer.default\">\n\t\t\t\t<div class=\"elementor-widget-container\">\n\t\t\t\t\t\t\t<div class=\"elementor-spacer\">\n\t\t\t<div class=\"elementor-spacer-inner\"><\/div>\n\t\t<\/div>\n\t\t\t\t\t\t<\/div>\n\t\t\t\t<\/div>\n\t\t\t\t<div class=\"elementor-element elementor-element-08adbed elementor-widget elementor-widget-text-editor\" data-id=\"08adbed\" data-element_type=\"widget\" data-widget_type=\"text-editor.default\">\n\t\t\t\t<div class=\"elementor-widget-container\">\n\t\t\t\t\t\t\t\t\t<h2><small>Par la Pri\u00e8re<\/small><\/h2><p>Des mouvements de pri\u00e8re tels que 30 jours de pri\u00e8re pour le monde musulman ont vu le jour \u00e0 la fin des ann\u00e9es 80 et au d\u00e9but des ann\u00e9es 90. Les chr\u00e9tiens ont cherch\u00e9 le Seigneur concernant les musulmans d'Afrique du Nord et leur r\u00e9ponse \u00e0 l'\u00c9vangile. Les gens ont pri\u00e9 sp\u00e9cifiquement pour que non seulement les jeunes hommes r\u00e9pondent, mais aussi les femmes et les enfants. Au moins un couple avec Youth with a Mission (www.jem-france.com), voyant le potentiel, a pri\u00e9 pour un grand travail pour atteindre les millions de Marocains qui traversent les ports espagnols d'Alg\u00e9siras et de Ceuta le long du d\u00e9troit de Gibraltar.<\/p>\t\t\t\t\t\t\t\t<\/div>\n\t\t\t\t<\/div>\n\t\t\t\t<div class=\"elementor-element elementor-element-b0dd7f5 elementor-widget elementor-widget-text-editor\" data-id=\"b0dd7f5\" data-element_type=\"widget\" data-widget_type=\"text-editor.default\">\n\t\t\t\t<div class=\"elementor-widget-container\">\n\t\t\t\t\t\t\t\t\t<h2><small>Par Opportunit\u00e9<\/small><\/h2><p>Les dirigeants de l'Op\u00e9ration Mobilisation et des Soci\u00e9t\u00e9s Bibliques Unies ont \u00e9galement remarqu\u00e9 l'opportunit\u00e9 cr\u00e9\u00e9e par le flux de Nord-Africains voyageant entre l'Europe et l'Afrique du Nord. Une \u00e9quipe de l'op\u00e9ration Mobilisation a distribu\u00e9 des tracts tandis que les Soci\u00e9t\u00e9s Bibliques Unies ont distribu\u00e9 des Nouveaux Testaments entiers.\u00a0\u00a0<\/p><p>En 1992, une gr\u00e8ve des camionneurs en France a emp\u00each\u00e9 les Marocains de voyager. Beaucoup sont venus en masse \u00e0 la fin de la gr\u00e8ve, provoquant une sauvegarde de 85 kilom\u00e8tres de v\u00e9hicules en attente du ferry. Un dirigeant de l'Op\u00e9ration Mobilisation a vu cette opportunit\u00e9: ils ont pu \u00e9couter la cassette audio du film JESUS pendant qu'ils attendaient, puis emporter les cassettes avec eux au Maroc.<\/p>\t\t\t\t\t\t\t\t<\/div>\n\t\t\t\t<\/div>\n\t\t\t\t<div class=\"elementor-element elementor-element-6ffb4cb elementor-widget elementor-widget-text-editor\" data-id=\"6ffb4cb\" data-element_type=\"widget\" data-widget_type=\"text-editor.default\">\n\t\t\t\t<div class=\"elementor-widget-container\">\n\t\t\t\t\t\t\t\t\t<h2><small>Par Partenariat<\/small><\/h2><p>Les attentats \u00e0 la bombe pendant la guerre du Golfe au d\u00e9but des ann\u00e9es 1990 ont incit\u00e9 de mani\u00e8re inattendue les musulmans \u00e0 rechercher de nouveaux testaments - des nouveaux testaments qui n'\u00e9taient pas disponibles. Cela a incit\u00e9 Campus Crusade for Christ (CRU ou AGAPE International) dans la r\u00e9gion \u00e0 chercher \u00e0 mettre des millions de nouveaux testaments entre les mains des musulmans.<\/p><p>Un partenariat existait pour atteindre le grand nombre attendu de visiteurs nord-africains \u00e0 l'Exposition Universelle de 1992 \u00e0 S\u00e9ville et aux Jeux olympiques de 1992 \u00e0 Barcelone. Un grand nombre de documents, y compris de nouveaux testaments, ont \u00e9t\u00e9 fournis. Les \u00e9v\u00e9nements se sont termin\u00e9s avec de nombreux mat\u00e9riaux restants.<\/p><p>Les dirigeants des organisations au sein de ce partenariat se sont rencontr\u00e9s, ont vu les opportunit\u00e9s et ont d\u00e9cid\u00e9 de d\u00e9marrer un partenariat pour distribuer du mat\u00e9riel biblique, y compris de la litt\u00e9rature \u00e9vang\u00e9lique pour les enfants d'Alg\u00e9siras et d'autres ports de ferry de la mer M\u00e9diterran\u00e9e occidentale.<\/p>\t\t\t\t\t\t\t\t<\/div>\n\t\t\t\t<\/div>\n\t\t\t\t\t<\/div>\n\t\t<\/div>\n\t\t\t\t\t<\/div>\n\t\t<\/section>\n\t\t\t\t<\/div>","protected":false},"excerpt":{"rendered":"<p>Conceived by prayer, \u200bopportunity, and partnership\u200b Prayer Prayer movements such as 30 Days of Prayer for the Muslim World sprang up at the end of the 1980\u2019s and early 1990\u2019s. Christians sought the Lord concerning the Muslims of North Africa and their response to the gospel. People prayed specifically that not only young men would [&hellip;]<\/p>","protected":false},"author":33809,"featured_media":0,"parent":0,"menu_order":0,"comment_status":"closed","ping_status":"closed","template":"","meta":{"site-sidebar-layout":"no-sidebar","site-content-layout":"page-builder","ast-site-content-layout":"default","site-content-style":"default","site-sidebar-style":"default","ast-global-header-display":"","ast-banner-title-visibility":"","ast-main-header-display":"","ast-hfb-above-header-display":"","ast-hfb-below-header-display":"","ast-hfb-mobile-header-display":"","site-post-title":"disabled","ast-breadcrumbs-content":"","ast-featured-img":"disabled","footer-sml-layout":"","ast-disable-related-posts":"","theme-transparent-header-meta":"default","adv-header-id-meta":"","stick-header-meta":"","header-above-stick-meta":"","header-main-stick-meta":"","header-below-stick-meta":"","astra-migrate-meta-layouts":"default","ast-page-background-enabled":"default","ast-page-background-meta":{"desktop":{"background-color":"","background-image":"","background-repeat":"repeat","background-position":"center center","background-size":"auto","background-attachment":"scroll","background-type":"","background-media":"","overlay-type":"","overlay-color":"","overlay-opacity":"","overlay-gradient":""},"tablet":{"background-color":"","background-image":"","background-repeat":"repeat","background-position":"center center","background-size":"auto","background-attachment":"scroll","background-type":"","background-media":"","overlay-type":"","overlay-color":"","overlay-opacity":"","overlay-gradient":""},"mobile":{"background-color":"","background-image":"","background-repeat":"repeat","background-position":"center center","background-size":"auto","background-attachment":"scroll","background-type":"","background-media":"","overlay-type":"","overlay-color":"","overlay-opacity":"","overlay-gradient":""}},"ast-content-background-meta":{"desktop":{"background-color":"var(--ast-global-color-5)","background-image":"","background-repeat":"repeat","background-position":"center center","background-size":"auto","background-attachment":"scroll","background-type":"","background-media":"","overlay-type":"","overlay-color":"","overlay-opacity":"","overlay-gradient":""},"tablet":{"background-color":"var(--ast-global-color-5)","background-image":"","background-repeat":"repeat","background-position":"center center","background-size":"auto","background-attachment":"scroll","background-type":"","background-media":"","overlay-type":"","overlay-color":"","overlay-opacity":"","overlay-gradient":""},"mobile":{"background-color":"var(--ast-global-color-5)","background-image":"","background-repeat":"repeat","background-position":"center center","background-size":"auto","background-attachment":"scroll","background-type":"","background-media":"","overlay-type":"","overlay-color":"","overlay-opacity":"","overlay-gradient":""}},"footnotes":""},"class_list":["post-37","page","type-page","status-publish","hentry"],"jetpack_sharing_enabled":true,"meta_box":[],"_links":{"self":[{"href":"https:\/\/optransit.net\/fr\/wp-json\/wp\/v2\/pages\/37","targetHints":{"allow":["GET"]}}],"collection":[{"href":"https:\/\/optransit.net\/fr\/wp-json\/wp\/v2\/pages"}],"about":[{"href":"https:\/\/optransit.net\/fr\/wp-json\/wp\/v2\/types\/page"}],"author":[{"embeddable":true,"href":"https:\/\/optransit.net\/fr\/wp-json\/wp\/v2\/users\/33809"}],"replies":[{"embeddable":true,"href":"https:\/\/optransit.net\/fr\/wp-json\/wp\/v2\/comments?post=37"}],"version-history":[{"count":59,"href":"https:\/\/optransit.net\/fr\/wp-json\/wp\/v2\/pages\/37\/revisions"}],"predecessor-version":[{"id":782,"href":"https:\/\/optransit.net\/fr\/wp-json\/wp\/v2\/pages\/37\/revisions\/782"}],"wp:attachment":[{"href":"https:\/\/optransit.net\/fr\/wp-json\/wp\/v2\/media?parent=37"}],"curies":[{"name":"wp","href":"https:\/\/api.w.org\/{rel}","templated":true}]}}