{"id":58,"date":"2021-09-09T22:58:57","date_gmt":"2021-09-09T22:58:57","guid":{"rendered":"https:\/\/wp-sites.ccci.org\/operationtransit\/?page_id=58"},"modified":"2021-10-21T12:53:59","modified_gmt":"2021-10-21T12:53:59","slug":"purpose","status":"publish","type":"page","link":"https:\/\/optransit.net\/es\/purpose\/","title":{"rendered":"Prop\u00f3sito"},"content":{"rendered":"<div data-elementor-type=\"wp-page\" data-elementor-id=\"58\" class=\"elementor elementor-58\" data-elementor-post-type=\"page\">\n\t\t\t\t\t\t<section class=\"elementor-section elementor-top-section elementor-element elementor-element-66082a03 elementor-section-full_width elementor-section-height-default elementor-section-height-default\" data-id=\"66082a03\" data-element_type=\"section\">\n\t\t\t\t\t\t<div class=\"elementor-container elementor-column-gap-default\">\n\t\t\t\t\t<div class=\"elementor-column elementor-col-100 elementor-top-column elementor-element elementor-element-12184fef\" data-id=\"12184fef\" data-element_type=\"column\" data-settings=\"{&quot;background_background&quot;:&quot;classic&quot;}\">\n\t\t\t<div class=\"elementor-widget-wrap elementor-element-populated\">\n\t\t\t\t\t<div class=\"elementor-background-overlay\"><\/div>\n\t\t\t\t\t\t<div class=\"elementor-element elementor-element-5a6cf5b1 elementor-widget elementor-widget-spacer\" data-id=\"5a6cf5b1\" data-element_type=\"widget\" data-widget_type=\"spacer.default\">\n\t\t\t\t<div class=\"elementor-widget-container\">\n\t\t\t\t\t\t\t<div class=\"elementor-spacer\">\n\t\t\t<div class=\"elementor-spacer-inner\"><\/div>\n\t\t<\/div>\n\t\t\t\t\t\t<\/div>\n\t\t\t\t<\/div>\n\t\t\t\t<section class=\"elementor-section elementor-inner-section elementor-element elementor-element-3f01c214 elementor-section-boxed elementor-section-height-default elementor-section-height-default\" data-id=\"3f01c214\" data-element_type=\"section\">\n\t\t\t\t\t\t<div class=\"elementor-container elementor-column-gap-default\">\n\t\t\t\t\t<div class=\"elementor-column elementor-col-100 elementor-inner-column elementor-element elementor-element-732ce0ff\" data-id=\"732ce0ff\" data-element_type=\"column\">\n\t\t\t<div class=\"elementor-widget-wrap elementor-element-populated\">\n\t\t\t\t\t\t<div class=\"elementor-element elementor-element-2afe812b elementor-widget elementor-widget-heading\" data-id=\"2afe812b\" data-element_type=\"widget\" data-widget_type=\"heading.default\">\n\t\t\t\t<div class=\"elementor-widget-container\">\n\t\t\t\t\t<h1 class=\"elementor-heading-title elementor-size-default\">Siguiendo el m\u00e9todo de Jes\u00fas<\/h1>\t\t\t\t<\/div>\n\t\t\t\t<\/div>\n\t\t\t\t\t<\/div>\n\t\t<\/div>\n\t\t\t\t\t<\/div>\n\t\t<\/section>\n\t\t\t\t\t<\/div>\n\t\t<\/div>\n\t\t\t\t\t<\/div>\n\t\t<\/section>\n\t\t\t\t<section class=\"elementor-section elementor-top-section elementor-element elementor-element-dc6a347 elementor-section-boxed elementor-section-height-default elementor-section-height-default\" data-id=\"dc6a347\" data-element_type=\"section\">\n\t\t\t\t\t\t<div class=\"elementor-container elementor-column-gap-default\">\n\t\t\t\t\t<div class=\"elementor-column elementor-col-100 elementor-top-column elementor-element elementor-element-1914a61\" data-id=\"1914a61\" data-element_type=\"column\">\n\t\t\t<div class=\"elementor-widget-wrap elementor-element-populated\">\n\t\t\t\t\t\t<div class=\"elementor-element elementor-element-ab0fac0 elementor-widget elementor-widget-spacer\" data-id=\"ab0fac0\" data-element_type=\"widget\" data-widget_type=\"spacer.default\">\n\t\t\t\t<div class=\"elementor-widget-container\">\n\t\t\t\t\t\t\t<div class=\"elementor-spacer\">\n\t\t\t<div class=\"elementor-spacer-inner\"><\/div>\n\t\t<\/div>\n\t\t\t\t\t\t<\/div>\n\t\t\t\t<\/div>\n\t\t\t\t<div class=\"elementor-element elementor-element-024545d elementor-widget elementor-widget-text-editor\" data-id=\"024545d\" data-element_type=\"widget\" data-widget_type=\"text-editor.default\">\n\t\t\t\t<div class=\"elementor-widget-container\">\n\t\t\t\t\t\t\t\t\t<p><strong><span style=\"color: #660000\">\u201cPero El les dijo: Tambi\u00e9n a las otras ciudades debo anunciar las buenas nuevas del reino de Dios, porque para esto yo he sido enviado. Y predicaba en las sinagogas de Judea.\" Lucas 4:43-44<\/span><\/strong><\/p><p>Lleno del Esp\u00edritu Santo Jes\u00fas empez\u00f3 su ministerio en la tierra proclamando el evangelio a cuantos m\u00e1s pod\u00eda. La asociaci\u00f3n Operaci\u00f3n Transito hace visiblemente lo mismo al distribuir material biling\u00fce escrito y oral, en CDs con el Nuevo Testamento, videos en varios idiomas sobre Jes\u00fas, libros del autor Josh McDowell, cuentos para ni\u00f1os, el DVD de las Historias de Dios y otros materiales, a norafricanos que viajan entre \u00c1frica y Europa, principalmente en los puertos al occidente del mediterr\u00e1neo. Este a\u00f1o se han distribuido m\u00e1s de 280.000 art\u00edculos, con 119 personas indicando a participantes en el proyecto que \u00e9l o ella ha orado para recibir a Cristo mientras conversaban. A lo largo de 21 a\u00f1os m\u00e1s de 10 millones de art\u00edculos se han distribuido y cerca de 3000 norafricanos han expresado su decisi\u00f3n de recibir a Cristo.<\/p>\t\t\t\t\t\t\t\t<\/div>\n\t\t\t\t<\/div>\n\t\t\t\t<div class=\"elementor-element elementor-element-1af0f85 elementor-widget elementor-widget-text-editor\" data-id=\"1af0f85\" data-element_type=\"widget\" data-widget_type=\"text-editor.default\">\n\t\t\t\t<div class=\"elementor-widget-container\">\n\t\t\t\t\t\t\t\t\t<p><strong><span style=\"color: #660000\">Y poco despu\u00e9s, El comenz\u00f3 a recorrer las ciudades y aldeas, proclamando y anunciando las buenas nuevas del reino de Dios...       Lucas 8:1-3<\/span><\/strong><\/p><p><strong><span style=\"color: #660000\">Reuniendo a los doce, les dio poder y autoridad sobre todos los demonios y para sanar enfermedades. 2 Y los envi\u00f3 a proclamar el reino de Dios y a sanar a los enfermos. Lucas 9:1-2<\/span><\/strong><\/p><p>Operaci\u00f3n Transito siempre ha buscado la participaci\u00f3n de norafricanos en el trabajo del proyecto. Cientos son incluidos entre los m\u00e1s de 10.000 participantes de todas partes del mundo quienes han sido entrenados para dar testimonio a los musulmanes en el poder del Esp\u00edritu Santo. Muchos han continuado siendo testigos en sus propios pa\u00edses, algunos como parte de grupos de seguimiento para gente interesada que ha respondido a las actividades de la Operaci\u00f3n Transito, o en otras formas como en sitios cristianos en internet, radio y televisi\u00f3n.<\/p>\t\t\t\t\t\t\t\t<\/div>\n\t\t\t\t<\/div>\n\t\t\t\t<div class=\"elementor-element elementor-element-803a263 elementor-widget elementor-widget-text-editor\" data-id=\"803a263\" data-element_type=\"widget\" data-widget_type=\"text-editor.default\">\n\t\t\t\t<div class=\"elementor-widget-container\">\n\t\t\t\t\t\t\t\t\t<p><strong><span style=\"color: #660000;font-size: 15px\">... el Se\u00f1or design\u00f3 a otros setenta, y los envi\u00f3 de dos en dos delante de El, a toda ciudad y lugar adonde El hab\u00eda de ir.  Lucas 10:1<\/span><\/strong><\/p><p><span style=\"font-size: 15px\">El n\u00famero de disc\u00edpulos enviados por Jes\u00fas aument\u00f3 o se multiplic\u00f3 mientras que El y los doce ap\u00f3stoles continuaban predicando a grandes n\u00fameros de personas. Este a\u00f1o la Operaci\u00f3n Transito ha visto por primera ver personas que recibieron a Cristo a trav\u00e9s de nuestras actividades participando en nuestro trabajo. Un hombre norafricano que vive en Espa\u00f1a lleg\u00f3 a Cristo en febrero. \u00c9l fue bautizado en junio y particip\u00f3 en la distribuci\u00f3n en julio. Otro norafricano que vive en su pa\u00eds de origen, pero por negocios, viaja hacia y desde Europa, lleg\u00f3 a Cristo hace dos veranos despu\u00e9s de recibir un paquete en Marsella. El empez\u00f3 a leer el Nuevo testamento y luego ley\u00f3 \u201cMas que un Carpintero\u201d. Convencido de la verdad \u00e9l puso su confianza en Jes\u00fas, se puso en contacto con un grupo de la iglesia y este verano particip\u00f3 en otro puerto con la distribuci\u00f3n a viajeros de su propio pa\u00eds. El, junto con otros que viven en su pa\u00eds, distribuyeron m\u00e1s de 2000 paquetes.<\/span><\/p>\t\t\t\t\t\t\t\t<\/div>\n\t\t\t\t<\/div>\n\t\t\t\t<div class=\"elementor-element elementor-element-33cb9ee elementor-widget elementor-widget-text-editor\" data-id=\"33cb9ee\" data-element_type=\"widget\" data-widget_type=\"text-editor.default\">\n\t\t\t\t<div class=\"elementor-widget-container\">\n\t\t\t\t\t\t\t\t\t<p><span style=\"font-size: 15px\"><strong><span style=\"color: #660000;font-size: 15px\">\u201cLa mies es mucha, pero los obreros pocos; rogad, por tanto, al Se\u00f1or de la mies que env\u00ede obreros a su mies.\"  Lucas 10:2<\/span><\/strong><\/span><\/p><p><span style=\"font-size: 15px\">El deseo de Jes\u00fas es claro. Todo lo que \u00e9l hizo antes de la cruz fue llamar trabajadores para la cosecha. \u00c9l sab\u00eda que era el trabajo del Padre. La Operaci\u00f3n Transito tiene el mismo deseo, espec\u00edficamente por los norafricanos. Hay conocimiento de que le trabajo tiene que ser el trabajo de Dios. Este a\u00f1o equipos de oriente medio y nor\u00e1frica llevaban manecillas que dec\u00edan \u201cDios, yo no puedo. T\u00fa puedes, hazlo a trav\u00e9s de mi\u201d. Hay m\u00e1s de 1500 correos con oraciones, presumiblemente resultando en miles que oran a Dios por el trabajo de esta iniciativa. Adicionalmente, cada puerto a su manera, tiene gente orando en el sitio mientras que las actividades de distribuci\u00f3n tienen lugar. El resultado: Dios hace el trabajo y \u00c9l se lleva el cr\u00e9dito.<\/span><\/p>\t\t\t\t\t\t\t\t<\/div>\n\t\t\t\t<\/div>\n\t\t\t\t\t<\/div>\n\t\t<\/div>\n\t\t\t\t\t<\/div>\n\t\t<\/section>\n\t\t\t\t<\/div>","protected":false},"excerpt":{"rendered":"<p>Following Jesus&#8217; Approach \u201cI must preach the kingdom of God to the other cities also, for I was sent for this purpose.\u201d \u00a0So He kept on preaching in the synagogues\u2026 Luke 4:43-44 Filled with the Spirit Jesus began his earthly ministry preaching the gospel to as many as possible.\u00a0The Operation Transit partnership initiative visibly does [&hellip;]<\/p>","protected":false},"author":33809,"featured_media":0,"parent":0,"menu_order":0,"comment_status":"closed","ping_status":"closed","template":"","meta":{"site-sidebar-layout":"no-sidebar","site-content-layout":"page-builder","ast-site-content-layout":"default","site-content-style":"default","site-sidebar-style":"default","ast-global-header-display":"","ast-banner-title-visibility":"","ast-main-header-display":"","ast-hfb-above-header-display":"","ast-hfb-below-header-display":"","ast-hfb-mobile-header-display":"","site-post-title":"disabled","ast-breadcrumbs-content":"","ast-featured-img":"disabled","footer-sml-layout":"","ast-disable-related-posts":"","theme-transparent-header-meta":"default","adv-header-id-meta":"","stick-header-meta":"","header-above-stick-meta":"","header-main-stick-meta":"","header-below-stick-meta":"","astra-migrate-meta-layouts":"default","ast-page-background-enabled":"default","ast-page-background-meta":{"desktop":{"background-color":"","background-image":"","background-repeat":"repeat","background-position":"center center","background-size":"auto","background-attachment":"scroll","background-type":"","background-media":"","overlay-type":"","overlay-color":"","overlay-opacity":"","overlay-gradient":""},"tablet":{"background-color":"","background-image":"","background-repeat":"repeat","background-position":"center center","background-size":"auto","background-attachment":"scroll","background-type":"","background-media":"","overlay-type":"","overlay-color":"","overlay-opacity":"","overlay-gradient":""},"mobile":{"background-color":"","background-image":"","background-repeat":"repeat","background-position":"center center","background-size":"auto","background-attachment":"scroll","background-type":"","background-media":"","overlay-type":"","overlay-color":"","overlay-opacity":"","overlay-gradient":""}},"ast-content-background-meta":{"desktop":{"background-color":"var(--ast-global-color-5)","background-image":"","background-repeat":"repeat","background-position":"center center","background-size":"auto","background-attachment":"scroll","background-type":"","background-media":"","overlay-type":"","overlay-color":"","overlay-opacity":"","overlay-gradient":""},"tablet":{"background-color":"var(--ast-global-color-5)","background-image":"","background-repeat":"repeat","background-position":"center center","background-size":"auto","background-attachment":"scroll","background-type":"","background-media":"","overlay-type":"","overlay-color":"","overlay-opacity":"","overlay-gradient":""},"mobile":{"background-color":"var(--ast-global-color-5)","background-image":"","background-repeat":"repeat","background-position":"center center","background-size":"auto","background-attachment":"scroll","background-type":"","background-media":"","overlay-type":"","overlay-color":"","overlay-opacity":"","overlay-gradient":""}},"footnotes":""},"class_list":["post-58","page","type-page","status-publish","hentry"],"jetpack_sharing_enabled":true,"meta_box":[],"_links":{"self":[{"href":"https:\/\/optransit.net\/es\/wp-json\/wp\/v2\/pages\/58","targetHints":{"allow":["GET"]}}],"collection":[{"href":"https:\/\/optransit.net\/es\/wp-json\/wp\/v2\/pages"}],"about":[{"href":"https:\/\/optransit.net\/es\/wp-json\/wp\/v2\/types\/page"}],"author":[{"embeddable":true,"href":"https:\/\/optransit.net\/es\/wp-json\/wp\/v2\/users\/33809"}],"replies":[{"embeddable":true,"href":"https:\/\/optransit.net\/es\/wp-json\/wp\/v2\/comments?post=58"}],"version-history":[{"count":41,"href":"https:\/\/optransit.net\/es\/wp-json\/wp\/v2\/pages\/58\/revisions"}],"predecessor-version":[{"id":840,"href":"https:\/\/optransit.net\/es\/wp-json\/wp\/v2\/pages\/58\/revisions\/840"}],"wp:attachment":[{"href":"https:\/\/optransit.net\/es\/wp-json\/wp\/v2\/media?parent=58"}],"curies":[{"name":"wp","href":"https:\/\/api.w.org\/{rel}","templated":true}]}}