{"id":52,"date":"2021-09-09T22:50:55","date_gmt":"2021-09-09T22:50:55","guid":{"rendered":"https:\/\/wp-sites.ccci.org\/operationtransit\/?page_id=52"},"modified":"2021-10-21T12:55:12","modified_gmt":"2021-10-21T12:55:12","slug":"impact","status":"publish","type":"page","link":"https:\/\/optransit.net\/es\/impact\/","title":{"rendered":"Impacto"},"content":{"rendered":"<div data-elementor-type=\"wp-page\" data-elementor-id=\"52\" class=\"elementor elementor-52\" data-elementor-post-type=\"page\">\n\t\t\t\t\t\t<section class=\"elementor-section elementor-top-section elementor-element elementor-element-50edf895 elementor-section-full_width elementor-section-height-default elementor-section-height-default\" data-id=\"50edf895\" data-element_type=\"section\" data-e-type=\"section\">\n\t\t\t\t\t\t<div class=\"elementor-container elementor-column-gap-default\">\n\t\t\t\t\t<div class=\"elementor-column elementor-col-100 elementor-top-column elementor-element elementor-element-2d5ef402\" data-id=\"2d5ef402\" data-element_type=\"column\" data-e-type=\"column\" data-settings=\"{&quot;background_background&quot;:&quot;classic&quot;}\">\n\t\t\t<div class=\"elementor-widget-wrap elementor-element-populated\">\n\t\t\t\t\t<div class=\"elementor-background-overlay\"><\/div>\n\t\t\t\t\t\t<div class=\"elementor-element elementor-element-2055d580 elementor-widget elementor-widget-spacer\" data-id=\"2055d580\" data-element_type=\"widget\" data-e-type=\"widget\" data-widget_type=\"spacer.default\">\n\t\t\t\t<div class=\"elementor-widget-container\">\n\t\t\t\t\t\t\t<div class=\"elementor-spacer\">\n\t\t\t<div class=\"elementor-spacer-inner\"><\/div>\n\t\t<\/div>\n\t\t\t\t\t\t<\/div>\n\t\t\t\t<\/div>\n\t\t\t\t<section class=\"elementor-section elementor-inner-section elementor-element elementor-element-68b9adc6 elementor-section-boxed elementor-section-height-default elementor-section-height-default\" data-id=\"68b9adc6\" data-element_type=\"section\" data-e-type=\"section\">\n\t\t\t\t\t\t<div class=\"elementor-container elementor-column-gap-default\">\n\t\t\t\t\t<div class=\"elementor-column elementor-col-100 elementor-inner-column elementor-element elementor-element-4306069\" data-id=\"4306069\" data-element_type=\"column\" data-e-type=\"column\">\n\t\t\t<div class=\"elementor-widget-wrap elementor-element-populated\">\n\t\t\t\t\t\t<div class=\"elementor-element elementor-element-437080d1 elementor-widget elementor-widget-heading\" data-id=\"437080d1\" data-element_type=\"widget\" data-e-type=\"widget\" data-widget_type=\"heading.default\">\n\t\t\t\t<div class=\"elementor-widget-container\">\n\t\t\t\t\t<h1 class=\"elementor-heading-title elementor-size-default\">Visi\u00f3n<\/h1>\t\t\t\t<\/div>\n\t\t\t\t<\/div>\n\t\t\t\t\t<\/div>\n\t\t<\/div>\n\t\t\t\t\t<\/div>\n\t\t<\/section>\n\t\t\t\t\t<\/div>\n\t\t<\/div>\n\t\t\t\t\t<\/div>\n\t\t<\/section>\n\t\t\t\t<section class=\"elementor-section elementor-top-section elementor-element elementor-element-6061e6b elementor-section-boxed elementor-section-height-default elementor-section-height-default\" data-id=\"6061e6b\" data-element_type=\"section\" data-e-type=\"section\">\n\t\t\t\t\t\t<div class=\"elementor-container elementor-column-gap-default\">\n\t\t\t\t\t<div class=\"elementor-column elementor-col-100 elementor-top-column elementor-element elementor-element-9e5ca69\" data-id=\"9e5ca69\" data-element_type=\"column\" data-e-type=\"column\">\n\t\t\t<div class=\"elementor-widget-wrap elementor-element-populated\">\n\t\t\t\t\t\t<div class=\"elementor-element elementor-element-1fd8e2b elementor-widget elementor-widget-spacer\" data-id=\"1fd8e2b\" data-element_type=\"widget\" data-e-type=\"widget\" data-widget_type=\"spacer.default\">\n\t\t\t\t<div class=\"elementor-widget-container\">\n\t\t\t\t\t\t\t<div class=\"elementor-spacer\">\n\t\t\t<div class=\"elementor-spacer-inner\"><\/div>\n\t\t<\/div>\n\t\t\t\t\t\t<\/div>\n\t\t\t\t<\/div>\n\t\t\t\t<div class=\"elementor-element elementor-element-a739fe4 elementor-widget elementor-widget-text-editor\" data-id=\"a739fe4\" data-element_type=\"widget\" data-e-type=\"widget\" data-widget_type=\"text-editor.default\">\n\t\t\t\t<div class=\"elementor-widget-container\">\n\t\t\t\t\t\t\t\t\t<h4>Un disc\u00edpulo multiplicador norafricano en cada comunidad de norafricanos<\/h4><p>Tambi\u00e9n dec\u00eda: \u00bfA qu\u00e9 compararemos el reino de Dios, o con qu\u00e9 par\u00e1bola lo describiremos? \"<em>Es como\u00a0<\/em>un grano de mostaza, el cual, cuando se siembra en la tierra, aunque es m\u00e1s peque\u00f1o que todas las semillas que hay en la tierra, sin embargo, cuando es sembrado, crece y llega a ser m\u00e1s grande que todas las hortalizas y echa grandes ramas, tanto que LAS AVES DEL CIELO pueden ANIDAR BAJO SU SOMBRA.  - Marcos 4:30-32<\/p><h4 style=\"font-style: normal\">Africa del Norte en 1992<\/h4>\t\t\t\t\t\t\t\t<\/div>\n\t\t\t\t<\/div>\n\t\t\t\t<section class=\"elementor-section elementor-inner-section elementor-element elementor-element-07b959b elementor-section-boxed elementor-section-height-default elementor-section-height-default\" data-id=\"07b959b\" data-element_type=\"section\" data-e-type=\"section\">\n\t\t\t\t\t\t<div class=\"elementor-container elementor-column-gap-default\">\n\t\t\t\t\t<div class=\"elementor-column elementor-col-50 elementor-inner-column elementor-element elementor-element-dc3aac9\" data-id=\"dc3aac9\" data-element_type=\"column\" data-e-type=\"column\">\n\t\t\t<div class=\"elementor-widget-wrap elementor-element-populated\">\n\t\t\t\t\t\t<div class=\"elementor-element elementor-element-c981ef1 elementor-widget elementor-widget-text-editor\" data-id=\"c981ef1\" data-element_type=\"widget\" data-e-type=\"widget\" data-widget_type=\"text-editor.default\">\n\t\t\t\t<div class=\"elementor-widget-container\">\n\t\t\t\t\t\t\t\t\t<h4><span style=\"font-size: 15px\">De acuerdo con publicaciones, se conoc\u00edan 50 creyentes en toda Tunicia, pero si uno preguntaba acerca de los creyentes a los no creyentes, ellos no sab\u00edan donde podr\u00edan estar. \u00a0\u00a0<\/span><\/h4><p>Se cre\u00eda que hab\u00eda unos cientos de creyentes en Marruecos. Algunos serv\u00edan tiempo completo para alcanzar a su gente trabajando con centros de correspondencia localizados en Europa. La gran mayor\u00eda de respuesta positivas era de hombres solteros que eran j\u00f3venes y desempleados.\u00a0\u00a0\u00a0<\/p><p>La situaci\u00f3n en Alergia era similar, excepto que all\u00ed se pensaba que el 50% de la comunidad Kabyle Berber hab\u00edan visto la pel\u00edcula de Jes\u00fas y hab\u00eda rumores de algunos aceptando Cristo. Un oficial del gobierno, desde 1995, refer\u00eda casualmente a un pueblo donde todos eran cristianos en Kabylia.<\/p><p>En Libia no se conoc\u00eda de creyentes. En Mauritania era lo mismo.<\/p>\t\t\t\t\t\t\t\t<\/div>\n\t\t\t\t<\/div>\n\t\t\t\t\t<\/div>\n\t\t<\/div>\n\t\t\t\t<div class=\"elementor-column elementor-col-50 elementor-inner-column elementor-element elementor-element-64f41bd\" data-id=\"64f41bd\" data-element_type=\"column\" data-e-type=\"column\">\n\t\t\t<div class=\"elementor-widget-wrap elementor-element-populated\">\n\t\t\t\t\t\t<div class=\"elementor-element elementor-element-1537219 elementor-widget elementor-widget-image\" data-id=\"1537219\" data-element_type=\"widget\" data-e-type=\"widget\" data-widget_type=\"image.default\">\n\t\t\t\t<div class=\"elementor-widget-container\">\n\t\t\t\t\t\t\t\t\t\t\t\t\t\t\t<img decoding=\"async\" src=\"https:\/\/optransit.net\/wp-content\/uploads\/sites\/344\/2021\/09\/2012-06-26_18-06-25-scaled.jpg?w=1536\" title=\"2012-06-26_18-06-25\" alt=\"2012-06-26_18-06-25\" loading=\"lazy\" \/>\t\t\t\t\t\t\t\t\t\t\t\t\t\t\t<\/div>\n\t\t\t\t<\/div>\n\t\t\t\t\t<\/div>\n\t\t<\/div>\n\t\t\t\t\t<\/div>\n\t\t<\/section>\n\t\t\t\t<div class=\"elementor-element elementor-element-efaf69a elementor-widget elementor-widget-text-editor\" data-id=\"efaf69a\" data-element_type=\"widget\" data-e-type=\"widget\" data-widget_type=\"text-editor.default\">\n\t\t\t\t<div class=\"elementor-widget-container\">\n\t\t\t\t\t\t\t\t\t<h4>Africa del Norte en 2020<\/h4><p>\u200bLa prensa secular en nor\u00e1frica y Europa reporta que por lo menos hay 40.000 creyentes en Marruecos con m\u00e1s de 30 iglesias p\u00fablicas y secretas que son atendidas por marroqu\u00edes. Aunque la mayor\u00eda claramente no atiende a una iglesia, cristianos y no cristianos creen que hay miles que no conocen a otros creyentes. Una mujer que preguntaba por un nuevo testamento en Espa\u00f1a conto que su padre ten\u00eda un libro el cual le\u00eda todas las noches hasta el d\u00eda que muri\u00f3. \u00c9l no lo compart\u00eda con su familia porque dec\u00eda que los pondr\u00eda en peligro. Cuando muri\u00f3 ellos fueron a ver que libro era. Era un Nuevo Testamento, como los que se distribuyen en los puertos.  La copia la cogi\u00f3 un vecino y la quem\u00f3. Cuando esta mujer llego a Espa\u00f1a, busc\u00f3 un Nuevo Testamento como el que ten\u00eda su padre.<\/p><p>Algeria ha sido testigo del nacimiento de la iglesia entre los Kabyle Berber a trav\u00e9s de la palabra, \u2018reavivamiento\u2019 t\u00edpicamente aplicado a la situaci\u00f3n. La mayor\u00eda de las ciudades y pueblos en la regi\u00f3n hacen reuniones de creyentes oficiales y no oficiales. Ellos env\u00edan gente a los grupos \u00e9tnicos vecinos, algunas veces m\u00e1s all\u00e1 de la frontera nacional. Tambi\u00e9n han emergido l\u00edderes cristianos de entre la poblaci\u00f3n \u00e1rabe. En un \u00e1rea han surgido 27 iglesias nuevas en los \u00faltimos a\u00f1os, cada una con entre 20 y 30 personas que atienden.<\/p><p>Hay varias iglesias en Tunicia. Por lo menos 300 personas llegaron al Se\u00f1or a finales de los noventas, como resultado de un a\u00f1o de oraci\u00f3n. Los tunecinos han tomado el liderazgo y tiene una visi\u00f3n para el futuro de proclamar la palabra y hacer disc\u00edpulos, algunos aspirando a llegar a gente de pa\u00edses vecinos. Actualmente entre las diferentes iglesias es com\u00fan que por lo menos dos personas lleguen a Cristo cada semana.<\/p><p>La traducci\u00f3n y doblaje de la pel\u00edcula de Jes\u00fas al idioma de Mauritania enfrent\u00f3 un gran ataque espiritual. Hoy es una herramienta para compartir el evangelio. Hay aproximadamente entre 100 y 200 creyentes.<\/p><p>Anqu\u00e9 oficialmente no se sabe de creyentes en Libia, se cree que hay algunos dispersos por su territorio. Cientos de miles han visitado p\u00e1ginas web cristianas.<\/p>\t\t\t\t\t\t\t\t<\/div>\n\t\t\t\t<\/div>\n\t\t\t\t<div class=\"elementor-element elementor-element-8d347f0 elementor-widget elementor-widget-image\" data-id=\"8d347f0\" data-element_type=\"widget\" data-e-type=\"widget\" data-widget_type=\"image.default\">\n\t\t\t\t<div class=\"elementor-widget-container\">\n\t\t\t\t\t\t\t\t\t\t\t\t\t\t\t<img decoding=\"async\" src=\"https:\/\/optransit.net\/wp-content\/uploads\/sites\/344\/2021\/09\/2012-06-26_10-35-18-scaled.jpg?w=1536\" title=\"2012-06-26_10-35-18\" alt=\"2012-06-26_10-35-18\" loading=\"lazy\" \/>\t\t\t\t\t\t\t\t\t\t\t\t\t\t\t<\/div>\n\t\t\t\t<\/div>\n\t\t\t\t<div class=\"elementor-element elementor-element-32dec72 elementor-widget elementor-widget-text-editor\" data-id=\"32dec72\" data-element_type=\"widget\" data-e-type=\"widget\" data-widget_type=\"text-editor.default\">\n\t\t\t\t<div class=\"elementor-widget-container\">\n\t\t\t\t\t\t\t\t\t<h4>El Rol de la Operaci\u00f3n Transito<\/h4><p>\u200bAunque el alcance de la Operaci\u00f3n Transito con respecto a los cambios entre 1992 y el 2019 no se puede medir, claramente el trabajo ha generado alg\u00fan impacto. Este incluye la distribuci\u00f3n de m\u00e1s de 12 millones de art\u00edculos presentando el evangelio de Jesucristo, el evangelismo en los puertos, el entrenamiento de muchos norafricanos para atender la llamada de Dios por trabajadores para recoger la cosecha, y el seguimiento que hace el equipo -en nor\u00e1frica y Europa- a aquellos que han expresado inter\u00e9s en el evangelio.<\/p><p>Los l\u00edderes cristianos de marruecos dijeron al comienzo de la d\u00e9cada pasada que \u201ccualquiera que sea la versi\u00f3n del Nuevo Testamento que ustedes usan en los puertos, es la que nosotros terminamos usando en nuestras iglesias\u201d. Esto se debe a que los participantes nuevos que llegan a las iglesias tienen el Nuevo Testamento que recibieron de la Operaci\u00f3n Transito. En el 2012 estos l\u00edderes dijeron que, como se espera, muchos de los creyentes nuevos recibieron informaci\u00f3n acerca de Cristo de muchas fuentes, y que Operaci\u00f3n Transito era una de ellas.<\/p><p>Mucho creyente nuevo dice haber le\u00eddo el Nuevo Testamento u otro libro, o haber visto la pel\u00edcula de Jes\u00fas, antes de su llegada a Cristo.  Mas del 50% de los que han llegado a Cristo a trav\u00e9s del evangelismo de la Operaci\u00f3n Transito indican haber recibido y le\u00eddo el material en los paquetes.<\/p><p>En el 2010 mucha gente indic\u00f3 haber llegado a Cristo en los meses anteriores a trav\u00e9s de los materiales distribuidos por la Operaci\u00f3n Transito. En el 2011 los \u2018evangelistas\u2019 y \u2018distribuidores\u2019 de la Operaci\u00f3n Transito hablaron con muchos norafricanos que indicaron tener un familiar o amigo que ha recibido a Cristo. Fue esa relaci\u00f3n la que motiv\u00f3 a los norafricanos a hablar acerca de Cristo con un miembro de la Operaci\u00f3n Transito. En el 2012 al menos una vez al mes, alguien al que se le ofrece un paquete dice haber recibido el paquete antes y que como resultado ya ha recibido a Cristo.<\/p><p>Algunas iglesias han nacido a trav\u00e9s, o son lideradas por gente que lleg\u00f3 a Cristo por la distribuci\u00f3n en los puertos.<\/p><p class=\"translation-block\">Muchos de los que hacen seguimiento de participantes de la Operaci\u00f3n Transito fueron entrenados mientras que participaban en una actividad de la Operaci\u00f3n Transito. Un l\u00edder en Francia le lleg\u00f3 su visi\u00f3n de alcanzar a su propia gente mientras participaba en un proyecto en Algeciras. Un norafricano que particip\u00f3 en un proyecto de distribuci\u00f3n en el 2013, lleg\u00f3 a Cristo debido a que recibi\u00f3 un paquete en Marsella, pensando que el Nuevo Testamento podr\u00eda venir de Dios, y luego qued\u00f3 convencido cuando ley\u00f3 el libro \u2018Mas que un Carpintero\u2019 del autor Josh McDowell.<\/p><p>In a European city bordering a North African country, 9 North Africans were baptized on one day. Most of the 9 had come to Christ through an Operation Transit project a couple of months earlier. In one of the North African countries it is thought that 25% of the current believers came to Christ through the outreach of others who participated in Operation Transit projects and returned to their own country eager to tell others about Jesus.<\/p>\t\t\t\t\t\t\t\t<\/div>\n\t\t\t\t<\/div>\n\t\t\t\t\t<\/div>\n\t\t<\/div>\n\t\t\t\t\t<\/div>\n\t\t<\/section>\n\t\t\t\t<\/div>","protected":false},"excerpt":{"rendered":"<p>Vision A multiplying North African disciple in every community of North Africans And He said, \u201cHow shall we picture the kingdom of God, or by what parable shall we present it?\u00a0\u201cIt is\u00a0like a mustard seed, which, when sown upon the soil, though it is smaller than all the seeds that are upon the soil,\u00a0yet when [&hellip;]<\/p>\n","protected":false},"author":33809,"featured_media":0,"parent":0,"menu_order":0,"comment_status":"closed","ping_status":"closed","template":"","meta":{"site-sidebar-layout":"no-sidebar","site-content-layout":"page-builder","ast-site-content-layout":"default","site-content-style":"default","site-sidebar-style":"default","ast-global-header-display":"","ast-banner-title-visibility":"","ast-main-header-display":"","ast-hfb-above-header-display":"","ast-hfb-below-header-display":"","ast-hfb-mobile-header-display":"","site-post-title":"disabled","ast-breadcrumbs-content":"","ast-featured-img":"disabled","footer-sml-layout":"","ast-disable-related-posts":"","theme-transparent-header-meta":"default","adv-header-id-meta":"","stick-header-meta":"","header-above-stick-meta":"","header-main-stick-meta":"","header-below-stick-meta":"","astra-migrate-meta-layouts":"default","ast-page-background-enabled":"default","ast-page-background-meta":{"desktop":{"background-color":"","background-image":"","background-repeat":"repeat","background-position":"center center","background-size":"auto","background-attachment":"scroll","background-type":"","background-media":"","overlay-type":"","overlay-color":"","overlay-opacity":"","overlay-gradient":""},"tablet":{"background-color":"","background-image":"","background-repeat":"repeat","background-position":"center center","background-size":"auto","background-attachment":"scroll","background-type":"","background-media":"","overlay-type":"","overlay-color":"","overlay-opacity":"","overlay-gradient":""},"mobile":{"background-color":"","background-image":"","background-repeat":"repeat","background-position":"center center","background-size":"auto","background-attachment":"scroll","background-type":"","background-media":"","overlay-type":"","overlay-color":"","overlay-opacity":"","overlay-gradient":""}},"ast-content-background-meta":{"desktop":{"background-color":"var(--ast-global-color-5)","background-image":"","background-repeat":"repeat","background-position":"center center","background-size":"auto","background-attachment":"scroll","background-type":"","background-media":"","overlay-type":"","overlay-color":"","overlay-opacity":"","overlay-gradient":""},"tablet":{"background-color":"var(--ast-global-color-5)","background-image":"","background-repeat":"repeat","background-position":"center center","background-size":"auto","background-attachment":"scroll","background-type":"","background-media":"","overlay-type":"","overlay-color":"","overlay-opacity":"","overlay-gradient":""},"mobile":{"background-color":"var(--ast-global-color-5)","background-image":"","background-repeat":"repeat","background-position":"center center","background-size":"auto","background-attachment":"scroll","background-type":"","background-media":"","overlay-type":"","overlay-color":"","overlay-opacity":"","overlay-gradient":""}},"footnotes":""},"class_list":["post-52","page","type-page","status-publish","hentry"],"jetpack_sharing_enabled":true,"meta_box":[],"_links":{"self":[{"href":"https:\/\/optransit.net\/es\/wp-json\/wp\/v2\/pages\/52","targetHints":{"allow":["GET"]}}],"collection":[{"href":"https:\/\/optransit.net\/es\/wp-json\/wp\/v2\/pages"}],"about":[{"href":"https:\/\/optransit.net\/es\/wp-json\/wp\/v2\/types\/page"}],"author":[{"embeddable":true,"href":"https:\/\/optransit.net\/es\/wp-json\/wp\/v2\/users\/33809"}],"replies":[{"embeddable":true,"href":"https:\/\/optransit.net\/es\/wp-json\/wp\/v2\/comments?post=52"}],"version-history":[{"count":41,"href":"https:\/\/optransit.net\/es\/wp-json\/wp\/v2\/pages\/52\/revisions"}],"predecessor-version":[{"id":843,"href":"https:\/\/optransit.net\/es\/wp-json\/wp\/v2\/pages\/52\/revisions\/843"}],"wp:attachment":[{"href":"https:\/\/optransit.net\/es\/wp-json\/wp\/v2\/media?parent=52"}],"curies":[{"name":"wp","href":"https:\/\/api.w.org\/{rel}","templated":true}]}}