{"id":5,"date":"2020-01-10T10:24:03","date_gmt":"2020-01-10T10:24:03","guid":{"rendered":"https:\/\/wp-sites.ccci.org\/operationtransit\/?page_id=5"},"modified":"2021-10-25T13:28:34","modified_gmt":"2021-10-25T13:28:34","slug":"homepage","status":"publish","type":"page","link":"https:\/\/optransit.net\/es\/","title":{"rendered":"Homepage"},"content":{"rendered":"<div data-elementor-type=\"wp-page\" data-elementor-id=\"5\" class=\"elementor elementor-5\" data-elementor-post-type=\"page\">\n\t\t\t\t\t\t<section class=\"elementor-section elementor-top-section elementor-element elementor-element-d066a19 elementor-section-full_width elementor-section-height-default elementor-section-height-default\" data-id=\"d066a19\" data-element_type=\"section\">\n\t\t\t\t\t\t<div class=\"elementor-container elementor-column-gap-default\">\n\t\t\t\t\t<div class=\"elementor-column elementor-col-100 elementor-top-column elementor-element elementor-element-290adeb\" data-id=\"290adeb\" data-element_type=\"column\" data-settings=\"{&quot;background_background&quot;:&quot;classic&quot;}\">\n\t\t\t<div class=\"elementor-widget-wrap elementor-element-populated\">\n\t\t\t\t\t<div class=\"elementor-background-overlay\"><\/div>\n\t\t\t\t\t\t<div class=\"elementor-element elementor-element-2a8e9b8 elementor-widget elementor-widget-spacer\" data-id=\"2a8e9b8\" data-element_type=\"widget\" data-widget_type=\"spacer.default\">\n\t\t\t\t<div class=\"elementor-widget-container\">\n\t\t\t\t\t\t\t<div class=\"elementor-spacer\">\n\t\t\t<div class=\"elementor-spacer-inner\"><\/div>\n\t\t<\/div>\n\t\t\t\t\t\t<\/div>\n\t\t\t\t<\/div>\n\t\t\t\t<div class=\"elementor-element elementor-element-0dc9b6f elementor-widget elementor-widget-image\" data-id=\"0dc9b6f\" data-element_type=\"widget\" data-widget_type=\"image.default\">\n\t\t\t\t<div class=\"elementor-widget-container\">\n\t\t\t\t\t\t\t\t\t\t\t\t\t\t\t<img decoding=\"async\" src=\"https:\/\/optransit.net\/wp-content\/uploads\/sites\/344\/2021\/10\/OpTransit-Logo-by-J.B.-Dasalla-1.png?w=970\" title=\"OpTransit Logo-by J.B. Dasalla\" alt=\"OpTransit Logo-by J.B. Dasalla\" loading=\"lazy\" \/>\t\t\t\t\t\t\t\t\t\t\t\t\t\t\t<\/div>\n\t\t\t\t<\/div>\n\t\t\t\t\t<\/div>\n\t\t<\/div>\n\t\t\t\t\t<\/div>\n\t\t<\/section>\n\t\t\t\t<section class=\"elementor-section elementor-top-section elementor-element elementor-element-eb7769c elementor-section-boxed elementor-section-height-default elementor-section-height-default\" data-id=\"eb7769c\" data-element_type=\"section\">\n\t\t\t\t\t\t<div class=\"elementor-container elementor-column-gap-default\">\n\t\t\t\t\t<div class=\"elementor-column elementor-col-100 elementor-top-column elementor-element elementor-element-a757d58\" data-id=\"a757d58\" data-element_type=\"column\">\n\t\t\t<div class=\"elementor-widget-wrap elementor-element-populated\">\n\t\t\t\t\t\t<div class=\"elementor-element elementor-element-4fd18e4 elementor-widget elementor-widget-spacer\" data-id=\"4fd18e4\" data-element_type=\"widget\" data-widget_type=\"spacer.default\">\n\t\t\t\t<div class=\"elementor-widget-container\">\n\t\t\t\t\t\t\t<div class=\"elementor-spacer\">\n\t\t\t<div class=\"elementor-spacer-inner\"><\/div>\n\t\t<\/div>\n\t\t\t\t\t\t<\/div>\n\t\t\t\t<\/div>\n\t\t\t\t<div class=\"elementor-element elementor-element-d308dd9 elementor-widget elementor-widget-text-editor\" data-id=\"d308dd9\" data-element_type=\"widget\" data-widget_type=\"text-editor.default\">\n\t\t\t\t<div class=\"elementor-widget-container\">\n\t\t\t\t\t\t\t\t\t<p>Un norteamericano le ofreci\u00f3 un paquete de regalo que conten\u00eda el Nuevo Testamento a un Norafricano que se encontraba en Algeciras, Espa\u00f1a. Mientras tanto algunos espa\u00f1oles observaban el proceso. El Norafricano acepto el paquete con entusiasmo y pregunto por otro para su amigo. Los distribuidores continuaron su camino.\u00a0<\/p><p>Tiempo despu\u00e9s el norteamericano paso cerca del norafricano y este le grito: \u00bfComo me puedo volver como t\u00fa? El norteamericano se sent\u00f3 a su lado y le mostro la parte de atr\u00e1s del Nuevo Testamento donde hab\u00eda una explicaci\u00f3n del evangelio en \u00e1rabe. El norafricano le ley\u00f3 el evangelio al norteamericano. En el proceso el norafricano crey\u00f3 en Jes\u00fas para venir a su vida, perdonarlo y cambiarlo.<\/p><p>El americano le explic\u00f3 a este hombre que un amigo suyo egipcio vendr\u00eda a hablar con \u00e9l, y luego sigui\u00f3 para ver c\u00f3mo le estaba yendo a los espa\u00f1oles. Los espa\u00f1oles ve\u00edan a muchos aceptando el paquete de regalo. El egipcio y el norteamericano se reunieron de nuevo con el norafricano.  El egipcio confirmo que el hombre hab\u00eda aceptado a Jes\u00fas. \u00bfD\u00f3nde est\u00e1 Jes\u00fas ahora? \u00a1\u00c9l est\u00e1 en mi coraz\u00f3n!<\/p><p>Dos d\u00edas despu\u00e9s el egipcio llamo al hombre de nuevo y lee pregunto c\u00f3mo se encontraba. El hombre respondi\u00f3 con la certeza de Jes\u00fas en su vida. Varios meses despu\u00e9s este norafricano contin\u00fao asegurando a otro creyente norafricano quien se mantuvo en contacto que Jes\u00fas estaba all\u00ed con \u00e9l.<\/p>\t\t\t\t\t\t\t\t<\/div>\n\t\t\t\t<\/div>\n\t\t\t\t<div class=\"elementor-element elementor-element-406aa9a elementor-widget elementor-widget-text-editor\" data-id=\"406aa9a\" data-element_type=\"widget\" data-widget_type=\"text-editor.default\">\n\t\t\t\t<div class=\"elementor-widget-container\">\n\t\t\t\t\t\t\t\t\t<p>Cristianos de todo el mundo distribuyen el Nuevo Testamento, DVDs con la pel\u00edcula de Jes\u00fas, libros del conocido autor Josh McDowell y libros para ni\u00f1os a millones de norafricanos que viajan en el ferry cada a\u00f1o entre \u00c1frica y Europa.<\/p><p>Cristianos que hablan \u00e1rabe comparten el evangelio a aquellos que muestran inter\u00e9s. A los interesados, se les da la oportunidad de reunirse con otros creyentes que viven cerca de donde ellos viven.<\/p>\t\t\t\t\t\t\t\t<\/div>\n\t\t\t\t<\/div>\n\t\t\t\t<section class=\"elementor-section elementor-inner-section elementor-element elementor-element-ec7cf56 elementor-section-boxed elementor-section-height-default elementor-section-height-default\" data-id=\"ec7cf56\" data-element_type=\"section\">\n\t\t\t\t\t\t<div class=\"elementor-container elementor-column-gap-default\">\n\t\t\t\t\t<div class=\"elementor-column elementor-col-50 elementor-inner-column elementor-element elementor-element-52ac491\" data-id=\"52ac491\" data-element_type=\"column\">\n\t\t\t<div class=\"elementor-widget-wrap elementor-element-populated\">\n\t\t\t\t\t\t<div class=\"elementor-element elementor-element-bc5bd4b elementor-widget elementor-widget-image\" data-id=\"bc5bd4b\" data-element_type=\"widget\" data-widget_type=\"image.default\">\n\t\t\t\t<div class=\"elementor-widget-container\">\n\t\t\t\t\t\t\t\t\t\t\t\t\t\t\t<img decoding=\"async\" src=\"https:\/\/optransit.net\/wp-content\/uploads\/sites\/344\/2021\/09\/2012-06-26_10-39-01-scaled.jpg?w=970\" title=\"2012-06-26_10-39-01\" alt=\"2012-06-26_10-39-01\" loading=\"lazy\" \/>\t\t\t\t\t\t\t\t\t\t\t\t\t\t\t<\/div>\n\t\t\t\t<\/div>\n\t\t\t\t\t<\/div>\n\t\t<\/div>\n\t\t\t\t<div class=\"elementor-column elementor-col-50 elementor-inner-column elementor-element elementor-element-98c47f6\" data-id=\"98c47f6\" data-element_type=\"column\">\n\t\t\t<div class=\"elementor-widget-wrap elementor-element-populated\">\n\t\t\t\t\t\t<div class=\"elementor-element elementor-element-add4f95 elementor-widget elementor-widget-text-editor\" data-id=\"add4f95\" data-element_type=\"widget\" data-widget_type=\"text-editor.default\">\n\t\t\t\t<div class=\"elementor-widget-container\">\n\t\t\t\t\t\t\t\t\t<h4><span style=\"color: #ffffff\">Marcos 4:26-29<\/span><\/h4><p><a title=\"\" href=\"http:\/\/bible.cc\/mark\/4-26.htm\"><strong>26<\/strong><\/a>\u00a0Dec\u00eda tambi\u00e9n: El reino de Dios es como un hombre que echa semilla en la tierra,\u00a0<a title=\"\" href=\"http:\/\/bible.cc\/mark\/4-27.htm\"><strong>27<\/strong><\/a>\u00a0y se acuesta y se levanta, de noche y de d\u00eda, y la semilla brota y crece; c\u00f3mo, \u00e9l no lo sabe.\u00a0<a title=\"\" href=\"http:\/\/bible.cc\/mark\/4-28.htm\"><strong>28<\/strong><\/a>\u00a0La tierra produce fruto por s\u00ed misma; primero la hoja, luego la espiga, y despu\u00e9s el grano maduro en la espiga.\u00a0<a title=\"\" href=\"http:\/\/bible.cc\/mark\/4-29.htm\"><strong>29<\/strong><\/a>\u00a0Y cuando el fruto lo permite, \u00e9l enseguida mete la hoz, porque ha llegado el tiempo de la siega.<\/p>\t\t\t\t\t\t\t\t<\/div>\n\t\t\t\t<\/div>\n\t\t\t\t\t<\/div>\n\t\t<\/div>\n\t\t\t\t\t<\/div>\n\t\t<\/section>\n\t\t\t\t<div class=\"elementor-element elementor-element-1d6c6e5 elementor-widget elementor-widget-text-editor\" data-id=\"1d6c6e5\" data-element_type=\"widget\" data-widget_type=\"text-editor.default\">\n\t\t\t\t<div class=\"elementor-widget-container\">\n\t\t\t\t\t\t\t\t\t<p>Miles de paquetes han sido distribuidos a lo largo de los a\u00f1os a norafricanos que viven en ciudades que tienen puertos en la regi\u00f3n mediterr\u00e1nea de Europa. Cuando los distribuidores terminan su trabajo en el puerto ellos van a la ciudad para hablar con los norafricanos que viven all\u00ed.<\/p><p>Un hombre franc\u00e9s de descendencia norafricana que estaba en sus cuarentas se traslad\u00f3 a vivir a una de estas ciudades y fue a una librer\u00eda donde se pod\u00edan intercambiar libros. El cambi\u00f3 uno de sus libros por un libro de los que son distribuidos por los equipos de los puertos: el libro \u201cMas que un Carpintero\u201d de Josh McDowell.<\/p><p>Aproximadamente una semana despu\u00e9s, este hombre conoci\u00f3 a un norafricano que hab\u00eda venido a esta ciudad por un mes para hablarle a los norafricanos que viven all\u00ed. Como hab\u00eda terminado de leer el libro, este hombre estaba listo para recibir a Jes\u00fas cuando el norafricano le comparti\u00f3 el evangelio. Ellos se reunieron 6 o 7 veces antes de que el norafricano volviera a su pa\u00eds. Durante estas reuniones el nuevo creyente aprendi\u00f3 m\u00e1s acerca de qui\u00e9n es Cristo y sobre como crecer espiritualmente. Adicionalmente, \u00e9l expreso que ten\u00eda un deseo creciente de hablar a otros sobre Jes\u00fas.<br \/>\u200b<br \/>El nuevo creyente fue presentado a un pastor local. El contin\u00fao reuni\u00e9ndose con el pastor cada semana y tambi\u00e9n atend\u00eda a las actividades cotidianas de la iglesia.\u200b<\/p>\t\t\t\t\t\t\t\t<\/div>\n\t\t\t\t<\/div>\n\t\t\t\t<div class=\"elementor-element elementor-element-aee07d7 elementor-widget elementor-widget-spacer\" data-id=\"aee07d7\" data-element_type=\"widget\" data-widget_type=\"spacer.default\">\n\t\t\t\t<div class=\"elementor-widget-container\">\n\t\t\t\t\t\t\t<div class=\"elementor-spacer\">\n\t\t\t<div class=\"elementor-spacer-inner\"><\/div>\n\t\t<\/div>\n\t\t\t\t\t\t<\/div>\n\t\t\t\t<\/div>\n\t\t\t\t\t<\/div>\n\t\t<\/div>\n\t\t\t\t\t<\/div>\n\t\t<\/section>\n\t\t\t\t<\/div>","protected":false},"excerpt":{"rendered":"<p>A North American offered a New Testament as a part of a gift packet to a North African man in Algeciras, Spain while Spaniards looked on to see how the distribution was done. The enthusiastic North African accepted the packet asking for a second for his friend. The distributors continued on their way.\u00a0 As the [&hellip;]<\/p>","protected":false},"author":8937,"featured_media":0,"parent":0,"menu_order":0,"comment_status":"closed","ping_status":"closed","template":"","meta":{"site-sidebar-layout":"no-sidebar","site-content-layout":"page-builder","ast-site-content-layout":"default","site-content-style":"default","site-sidebar-style":"default","ast-global-header-display":"","ast-banner-title-visibility":"","ast-main-header-display":"","ast-hfb-above-header-display":"","ast-hfb-below-header-display":"","ast-hfb-mobile-header-display":"","site-post-title":"disabled","ast-breadcrumbs-content":"","ast-featured-img":"disabled","footer-sml-layout":"","ast-disable-related-posts":"","theme-transparent-header-meta":"default","adv-header-id-meta":"","stick-header-meta":"","header-above-stick-meta":"","header-main-stick-meta":"","header-below-stick-meta":"","astra-migrate-meta-layouts":"default","ast-page-background-enabled":"default","ast-page-background-meta":{"desktop":{"background-color":"","background-image":"","background-repeat":"repeat","background-position":"center center","background-size":"auto","background-attachment":"scroll","background-type":"","background-media":"","overlay-type":"","overlay-color":"","overlay-opacity":"","overlay-gradient":""},"tablet":{"background-color":"","background-image":"","background-repeat":"repeat","background-position":"center center","background-size":"auto","background-attachment":"scroll","background-type":"","background-media":"","overlay-type":"","overlay-color":"","overlay-opacity":"","overlay-gradient":""},"mobile":{"background-color":"","background-image":"","background-repeat":"repeat","background-position":"center center","background-size":"auto","background-attachment":"scroll","background-type":"","background-media":"","overlay-type":"","overlay-color":"","overlay-opacity":"","overlay-gradient":""}},"ast-content-background-meta":{"desktop":{"background-color":"var(--ast-global-color-5)","background-image":"","background-repeat":"repeat","background-position":"center center","background-size":"auto","background-attachment":"scroll","background-type":"","background-media":"","overlay-type":"","overlay-color":"","overlay-opacity":"","overlay-gradient":""},"tablet":{"background-color":"var(--ast-global-color-5)","background-image":"","background-repeat":"repeat","background-position":"center center","background-size":"auto","background-attachment":"scroll","background-type":"","background-media":"","overlay-type":"","overlay-color":"","overlay-opacity":"","overlay-gradient":""},"mobile":{"background-color":"var(--ast-global-color-5)","background-image":"","background-repeat":"repeat","background-position":"center center","background-size":"auto","background-attachment":"scroll","background-type":"","background-media":"","overlay-type":"","overlay-color":"","overlay-opacity":"","overlay-gradient":""}},"footnotes":""},"class_list":["post-5","page","type-page","status-publish","hentry"],"jetpack_sharing_enabled":true,"meta_box":[],"_links":{"self":[{"href":"https:\/\/optransit.net\/es\/wp-json\/wp\/v2\/pages\/5","targetHints":{"allow":["GET"]}}],"collection":[{"href":"https:\/\/optransit.net\/es\/wp-json\/wp\/v2\/pages"}],"about":[{"href":"https:\/\/optransit.net\/es\/wp-json\/wp\/v2\/types\/page"}],"author":[{"embeddable":true,"href":"https:\/\/optransit.net\/es\/wp-json\/wp\/v2\/users\/8937"}],"replies":[{"embeddable":true,"href":"https:\/\/optransit.net\/es\/wp-json\/wp\/v2\/comments?post=5"}],"version-history":[{"count":188,"href":"https:\/\/optransit.net\/es\/wp-json\/wp\/v2\/pages\/5\/revisions"}],"predecessor-version":[{"id":869,"href":"https:\/\/optransit.net\/es\/wp-json\/wp\/v2\/pages\/5\/revisions\/869"}],"wp:attachment":[{"href":"https:\/\/optransit.net\/es\/wp-json\/wp\/v2\/media?parent=5"}],"curies":[{"name":"wp","href":"https:\/\/api.w.org\/{rel}","templated":true}]}}