{"id":46,"date":"2021-09-09T22:37:37","date_gmt":"2021-09-09T22:37:37","guid":{"rendered":"https:\/\/wp-sites.ccci.org\/operationtransit\/?page_id=46"},"modified":"2023-09-25T13:25:38","modified_gmt":"2023-09-25T13:25:38","slug":"history","status":"publish","type":"page","link":"https:\/\/optransit.net\/es\/history\/","title":{"rendered":"Historia"},"content":{"rendered":"<h1>Crecimiento y Cambio<\/h1>\n<p>En 1993, el primer a\u00f1o de distribuci\u00f3n, se distribuyeron 35.000 Nuevos Testamentos. El numero distribuido se triplico en 1994 y se triplico nuevamente en 1995. Con el incremento se expandi\u00f3 la distribuci\u00f3n a otros puertos. Para el a\u00f1o 2000 la distribuci\u00f3n total en ese a\u00f1o excedi\u00f3 el mill\u00f3n con el m\u00e1ximo alcanzado en 2002, el cual coincidi\u00f3 con la aceptaci\u00f3n que generaron los eventos del 9 de noviembre. La distribuci\u00f3n que sigui\u00f3 en Algeciras fue como un milagro. La inexplicable invasi\u00f3n de una peque\u00f1a isla deshabitada de Espa\u00f1a permiti\u00f3 alcanzar un r\u00e9cord en Algeciras ese verano y ese a\u00f1o.&nbsp;&nbsp;&nbsp;&nbsp;<\/p>\n<p>24-7&nbsp;distribution&nbsp;had to be curtailed in Algeciras following the 2003 terrorist attacks in Casablanca; Almeria faced similar&nbsp;difficulties following the 2004 terrorist attacks in Madrid. Distribution still takes place at both ports yet without every traveler being offered materials.<\/p>\n<p>En el verano de 1997 uno de los lideres expres\u00f3 la necesidad de que m\u00e1s cristianos de medio oriente dieran testimonio, durante la distribuci\u00f3n de material, porque muchos estar\u00edan listos a responder. El primero de estos equipos llego el siguiente verano y casi 200 personas de origen musulm\u00e1n indicaron que hab\u00edan recibido a Cristo. No se hab\u00edan reportado n\u00fameros como estos anteriormente. En los a\u00f1os que siguieron se han visto desde 129 personas, en 2004, hasta m\u00e1s de trecientas, en el 2000, indicando que han llegado a Cristo a trav\u00e9s de testimonios personales de los participantes en el proyecto.<\/p>\n<p><img loading=\"lazy\" decoding=\"async\" width=\"683\" height=\"1024\" src=\"https:\/\/wp-sites.ccci.org\/operationtransit\/wp-content\/uploads\/sites\/344\/2021\/09\/2012-06-26_10-36-16-683x1024.jpg\" alt=\"\"><\/p>\n<p>From the project\u2019s inception,&nbsp; priority has been given to follow-up, discipleship, and training. Recipients of materials received a form publicizing other ways to hear the gospel. Some attribute the initial success of SAT7, Arabic Christian satellite broadcasting, within Morocco and Algeria to the publicity it received at the ports. These publicity forms included opportunities to contact Christians and\/or enroll in Bible correspondence courses.&nbsp;&nbsp;Hundreds responded every year.&nbsp;&nbsp;&nbsp;&nbsp;<\/p>\n<p>North African believers were involved as early as 1993, the first year of distribution. Training of North Africans to share their faith, do follow-up, and further disciple others began in 1995 in Algeciras. In 1997 this training took place in&nbsp;Marseilles&nbsp;and later moved to Malta where more North African residents could participate. By 2002 the&nbsp;national believers themselves preferred doing their own training in various locations either with or aside from Operation Transit.&nbsp;&nbsp;&nbsp;<\/p>\n<p>Todos los participantes, hablantes y no hablantes de \u00e1rabe, son entrenados para contribuir a realizar la Gran Comisi\u00f3n en el poder del Esp\u00edritu Santo, incluido como dar testimonio y como dar testimonio a un musulm\u00e1n.<\/p>","protected":false},"excerpt":{"rendered":"<p>Growth and Change In 1993, the first year of distribution, 35,000 New Testaments were distributed. The number of items distributed tripled the following year and tripled again the year after. Increases followed with expansion to other ports. By 2000 the total year\u2019s distribution exceeded 1 million items with the peak year being 2002 coinciding with [&hellip;]<\/p>","protected":false},"author":33809,"featured_media":0,"parent":0,"menu_order":0,"comment_status":"closed","ping_status":"closed","template":"","meta":{"site-sidebar-layout":"no-sidebar","site-content-layout":"page-builder","ast-site-content-layout":"default","site-content-style":"default","site-sidebar-style":"default","ast-global-header-display":"","ast-banner-title-visibility":"","ast-main-header-display":"","ast-hfb-above-header-display":"","ast-hfb-below-header-display":"","ast-hfb-mobile-header-display":"","site-post-title":"disabled","ast-breadcrumbs-content":"","ast-featured-img":"disabled","footer-sml-layout":"","ast-disable-related-posts":"","theme-transparent-header-meta":"default","adv-header-id-meta":"","stick-header-meta":"","header-above-stick-meta":"","header-main-stick-meta":"","header-below-stick-meta":"","astra-migrate-meta-layouts":"default","ast-page-background-enabled":"default","ast-page-background-meta":{"desktop":{"background-color":"","background-image":"","background-repeat":"repeat","background-position":"center center","background-size":"auto","background-attachment":"scroll","background-type":"","background-media":"","overlay-type":"","overlay-color":"","overlay-opacity":"","overlay-gradient":""},"tablet":{"background-color":"","background-image":"","background-repeat":"repeat","background-position":"center center","background-size":"auto","background-attachment":"scroll","background-type":"","background-media":"","overlay-type":"","overlay-color":"","overlay-opacity":"","overlay-gradient":""},"mobile":{"background-color":"","background-image":"","background-repeat":"repeat","background-position":"center center","background-size":"auto","background-attachment":"scroll","background-type":"","background-media":"","overlay-type":"","overlay-color":"","overlay-opacity":"","overlay-gradient":""}},"ast-content-background-meta":{"desktop":{"background-color":"var(--ast-global-color-5)","background-image":"","background-repeat":"repeat","background-position":"center center","background-size":"auto","background-attachment":"scroll","background-type":"","background-media":"","overlay-type":"","overlay-color":"","overlay-opacity":"","overlay-gradient":""},"tablet":{"background-color":"var(--ast-global-color-5)","background-image":"","background-repeat":"repeat","background-position":"center center","background-size":"auto","background-attachment":"scroll","background-type":"","background-media":"","overlay-type":"","overlay-color":"","overlay-opacity":"","overlay-gradient":""},"mobile":{"background-color":"var(--ast-global-color-5)","background-image":"","background-repeat":"repeat","background-position":"center center","background-size":"auto","background-attachment":"scroll","background-type":"","background-media":"","overlay-type":"","overlay-color":"","overlay-opacity":"","overlay-gradient":""}},"footnotes":""},"class_list":["post-46","page","type-page","status-publish","hentry"],"jetpack_sharing_enabled":true,"meta_box":[],"_links":{"self":[{"href":"https:\/\/optransit.net\/es\/wp-json\/wp\/v2\/pages\/46","targetHints":{"allow":["GET"]}}],"collection":[{"href":"https:\/\/optransit.net\/es\/wp-json\/wp\/v2\/pages"}],"about":[{"href":"https:\/\/optransit.net\/es\/wp-json\/wp\/v2\/types\/page"}],"author":[{"embeddable":true,"href":"https:\/\/optransit.net\/es\/wp-json\/wp\/v2\/users\/33809"}],"replies":[{"embeddable":true,"href":"https:\/\/optransit.net\/es\/wp-json\/wp\/v2\/comments?post=46"}],"version-history":[{"count":57,"href":"https:\/\/optransit.net\/es\/wp-json\/wp\/v2\/pages\/46\/revisions"}],"predecessor-version":[{"id":912,"href":"https:\/\/optransit.net\/es\/wp-json\/wp\/v2\/pages\/46\/revisions\/912"}],"wp:attachment":[{"href":"https:\/\/optransit.net\/es\/wp-json\/wp\/v2\/media?parent=46"}],"curies":[{"name":"wp","href":"https:\/\/api.w.org\/{rel}","templated":true}]}}