{"id":37,"date":"2021-09-09T22:31:39","date_gmt":"2021-09-09T22:31:39","guid":{"rendered":"https:\/\/wp-sites.ccci.org\/operationtransit\/?page_id=37"},"modified":"2021-10-15T11:22:12","modified_gmt":"2021-10-15T11:22:12","slug":"origins","status":"publish","type":"page","link":"https:\/\/optransit.net\/es\/origins\/","title":{"rendered":"Origen"},"content":{"rendered":"<div data-elementor-type=\"wp-page\" data-elementor-id=\"37\" class=\"elementor elementor-37\" data-elementor-post-type=\"page\">\n\t\t\t\t\t\t<section class=\"elementor-section elementor-top-section elementor-element elementor-element-60f5822e elementor-section-full_width elementor-section-height-default elementor-section-height-default\" data-id=\"60f5822e\" data-element_type=\"section\" data-e-type=\"section\">\n\t\t\t\t\t\t<div class=\"elementor-container elementor-column-gap-default\">\n\t\t\t\t\t<div class=\"elementor-column elementor-col-100 elementor-top-column elementor-element elementor-element-4ca43797\" data-id=\"4ca43797\" data-element_type=\"column\" data-e-type=\"column\" data-settings=\"{&quot;background_background&quot;:&quot;classic&quot;}\">\n\t\t\t<div class=\"elementor-widget-wrap elementor-element-populated\">\n\t\t\t\t\t<div class=\"elementor-background-overlay\"><\/div>\n\t\t\t\t\t\t<div class=\"elementor-element elementor-element-5098b28b elementor-widget elementor-widget-spacer\" data-id=\"5098b28b\" data-element_type=\"widget\" data-e-type=\"widget\" data-widget_type=\"spacer.default\">\n\t\t\t\t<div class=\"elementor-widget-container\">\n\t\t\t\t\t\t\t<div class=\"elementor-spacer\">\n\t\t\t<div class=\"elementor-spacer-inner\"><\/div>\n\t\t<\/div>\n\t\t\t\t\t\t<\/div>\n\t\t\t\t<\/div>\n\t\t\t\t<section class=\"elementor-section elementor-inner-section elementor-element elementor-element-467daced elementor-section-boxed elementor-section-height-default elementor-section-height-default\" data-id=\"467daced\" data-element_type=\"section\" data-e-type=\"section\">\n\t\t\t\t\t\t<div class=\"elementor-container elementor-column-gap-default\">\n\t\t\t\t\t<div class=\"elementor-column elementor-col-100 elementor-inner-column elementor-element elementor-element-df3f0ec\" data-id=\"df3f0ec\" data-element_type=\"column\" data-e-type=\"column\">\n\t\t\t<div class=\"elementor-widget-wrap elementor-element-populated\">\n\t\t\t\t\t\t<div class=\"elementor-element elementor-element-3785f167 elementor-widget elementor-widget-heading\" data-id=\"3785f167\" data-element_type=\"widget\" data-e-type=\"widget\" data-widget_type=\"heading.default\">\n\t\t\t\t<div class=\"elementor-widget-container\">\n\t\t\t\t\t<h1 class=\"elementor-heading-title elementor-size-default\">Concebido en oraci\u00f3n, oportunidad y asociaci\u00f3n<\/h1>\t\t\t\t<\/div>\n\t\t\t\t<\/div>\n\t\t\t\t\t<\/div>\n\t\t<\/div>\n\t\t\t\t\t<\/div>\n\t\t<\/section>\n\t\t\t\t\t<\/div>\n\t\t<\/div>\n\t\t\t\t\t<\/div>\n\t\t<\/section>\n\t\t\t\t<section class=\"elementor-section elementor-top-section elementor-element elementor-element-d77dbe9 elementor-section-boxed elementor-section-height-default elementor-section-height-default\" data-id=\"d77dbe9\" data-element_type=\"section\" data-e-type=\"section\">\n\t\t\t\t\t\t<div class=\"elementor-container elementor-column-gap-default\">\n\t\t\t\t\t<div class=\"elementor-column elementor-col-100 elementor-top-column elementor-element elementor-element-28ecfa7\" data-id=\"28ecfa7\" data-element_type=\"column\" data-e-type=\"column\">\n\t\t\t<div class=\"elementor-widget-wrap elementor-element-populated\">\n\t\t\t\t\t\t<div class=\"elementor-element elementor-element-44561eb elementor-widget elementor-widget-spacer\" data-id=\"44561eb\" data-element_type=\"widget\" data-e-type=\"widget\" data-widget_type=\"spacer.default\">\n\t\t\t\t<div class=\"elementor-widget-container\">\n\t\t\t\t\t\t\t<div class=\"elementor-spacer\">\n\t\t\t<div class=\"elementor-spacer-inner\"><\/div>\n\t\t<\/div>\n\t\t\t\t\t\t<\/div>\n\t\t\t\t<\/div>\n\t\t\t\t<div class=\"elementor-element elementor-element-08adbed elementor-widget elementor-widget-text-editor\" data-id=\"08adbed\" data-element_type=\"widget\" data-e-type=\"widget\" data-widget_type=\"text-editor.default\">\n\t\t\t\t<div class=\"elementor-widget-container\">\n\t\t\t\t\t\t\t\t\t<h2><small>En Oraci\u00f3n<\/small><\/h2><p>Alrededor de los a\u00f1os 1980\u2019s y 1990\u2019s surgi\u00f3 un movimiento de oraci\u00f3n llamado 30 D\u00edas de Oraci\u00f3n por el Mundo Musulm\u00e1n. Los cristianos oraban al Se\u00f1or por los musulmanes del norte de \u00e1frica y su respuesta al evangelio. La gente oraba porque no solo los hombres j\u00f3venes respondieran, sino tambi\u00e9n mujeres y ni\u00f1os. Una pareja del movimiento J\u00f3venes con una Misi\u00f3n, viendo el potencial, oraron por una obra grande para llegar a los millones de marroqu\u00edes que viajan a trav\u00e9s de los puertos espa\u00f1oles de Algeciras y Ceuta en el estrecho de Gibraltar.<\/p>\t\t\t\t\t\t\t\t<\/div>\n\t\t\t\t<\/div>\n\t\t\t\t<div class=\"elementor-element elementor-element-b0dd7f5 elementor-widget elementor-widget-text-editor\" data-id=\"b0dd7f5\" data-element_type=\"widget\" data-e-type=\"widget\" data-widget_type=\"text-editor.default\">\n\t\t\t\t<div class=\"elementor-widget-container\">\n\t\t\t\t\t\t\t\t\t<h2><small>En Oportunidad<\/small><\/h2><p>L\u00edderes de las organizaciones Operaci\u00f3n Movilizaci\u00f3n y la Sociedad United Bible tambi\u00e9n notaron la oportunidad que creaba el tr\u00e1nsito de norafricanos viajando entre Europa y el norte de \u00c1frica. Un equipo de la Operaci\u00f3n Movilizaci\u00f3n distribu\u00eda folletos mientras que miembros de la Sociedad distribu\u00eda el nuevo testamento.\u00a0\u00a0<\/p><p>En 1992 los marroqu\u00edes no pod\u00edan viajar por una huelga de camioneros en Francia. Cuando la huelga acabo, todos llegaron al tiempo al puerto causando una fila de 85 kil\u00f3metros de veh\u00edculos esperando el ferry. Un l\u00edder de la Operaci\u00f3n Movilizaci\u00f3n vio la oportunidad: ellos pod\u00edan escuchar el audio casete de la pel\u00edcula de Jes\u00fas mientras esperaban y luego pod\u00edan llevar el casete con ellos a Marruecos.<\/p>\t\t\t\t\t\t\t\t<\/div>\n\t\t\t\t<\/div>\n\t\t\t\t<div class=\"elementor-element elementor-element-6ffb4cb elementor-widget elementor-widget-text-editor\" data-id=\"6ffb4cb\" data-element_type=\"widget\" data-e-type=\"widget\" data-widget_type=\"text-editor.default\">\n\t\t\t\t<div class=\"elementor-widget-container\">\n\t\t\t\t\t\t\t\t\t<h2><small>En Asociaci\u00f3n<\/small><\/h2><p>Los bombeos durante la Guerra del Golfo al comienzo de los 90s, repentinamente motiv\u00f3 a los musulmanes a buscar el Nuevo Testamento, Nuevos Testamento que no ten\u00edan. Esto incito a los l\u00edderes en la regi\u00f3n de Campus C por Cristo a obtener millones de Nuevos Testamentos para dar a los musulmanes.<\/p><p>Exist\u00eda ya en Espa\u00f1a una asociaci\u00f3n que fue creada para dar testimonio a un gran n\u00famero de visitantes norafricanos que se esperaban a ra\u00edz de la Exhibici\u00f3n Mundial en Sevilla y los juegos ol\u00edmpicos de Barcelona en 1992. Un gran n\u00famero de materiales incluidos el Nuevo Testamente fueron distribuidos, pero tambi\u00e9n quedo mucho material sobrante.<\/p><p>Los l\u00edderes de esta entidad se reunieron, vieron las oportunidades y decidieron organizar una asociaci\u00f3n para distribuir material sobre la Biblia incluidos material del evangelio para los ni\u00f1os en Algeciras y otros puertos con ferry en \u00e1rea occidental del Mar Mediterr\u00e1neo.<\/p>\t\t\t\t\t\t\t\t<\/div>\n\t\t\t\t<\/div>\n\t\t\t\t\t<\/div>\n\t\t<\/div>\n\t\t\t\t\t<\/div>\n\t\t<\/section>\n\t\t\t\t<\/div>","protected":false},"excerpt":{"rendered":"<p>Conceived by prayer, \u200bopportunity, and partnership\u200b Prayer Prayer movements such as 30 Days of Prayer for the Muslim World sprang up at the end of the 1980\u2019s and early 1990\u2019s. Christians sought the Lord concerning the Muslims of North Africa and their response to the gospel. People prayed specifically that not only young men would [&hellip;]<\/p>\n","protected":false},"author":33809,"featured_media":0,"parent":0,"menu_order":0,"comment_status":"closed","ping_status":"closed","template":"","meta":{"site-sidebar-layout":"no-sidebar","site-content-layout":"page-builder","ast-site-content-layout":"default","site-content-style":"default","site-sidebar-style":"default","ast-global-header-display":"","ast-banner-title-visibility":"","ast-main-header-display":"","ast-hfb-above-header-display":"","ast-hfb-below-header-display":"","ast-hfb-mobile-header-display":"","site-post-title":"disabled","ast-breadcrumbs-content":"","ast-featured-img":"disabled","footer-sml-layout":"","ast-disable-related-posts":"","theme-transparent-header-meta":"default","adv-header-id-meta":"","stick-header-meta":"","header-above-stick-meta":"","header-main-stick-meta":"","header-below-stick-meta":"","astra-migrate-meta-layouts":"default","ast-page-background-enabled":"default","ast-page-background-meta":{"desktop":{"background-color":"","background-image":"","background-repeat":"repeat","background-position":"center center","background-size":"auto","background-attachment":"scroll","background-type":"","background-media":"","overlay-type":"","overlay-color":"","overlay-opacity":"","overlay-gradient":""},"tablet":{"background-color":"","background-image":"","background-repeat":"repeat","background-position":"center center","background-size":"auto","background-attachment":"scroll","background-type":"","background-media":"","overlay-type":"","overlay-color":"","overlay-opacity":"","overlay-gradient":""},"mobile":{"background-color":"","background-image":"","background-repeat":"repeat","background-position":"center center","background-size":"auto","background-attachment":"scroll","background-type":"","background-media":"","overlay-type":"","overlay-color":"","overlay-opacity":"","overlay-gradient":""}},"ast-content-background-meta":{"desktop":{"background-color":"var(--ast-global-color-5)","background-image":"","background-repeat":"repeat","background-position":"center center","background-size":"auto","background-attachment":"scroll","background-type":"","background-media":"","overlay-type":"","overlay-color":"","overlay-opacity":"","overlay-gradient":""},"tablet":{"background-color":"var(--ast-global-color-5)","background-image":"","background-repeat":"repeat","background-position":"center center","background-size":"auto","background-attachment":"scroll","background-type":"","background-media":"","overlay-type":"","overlay-color":"","overlay-opacity":"","overlay-gradient":""},"mobile":{"background-color":"var(--ast-global-color-5)","background-image":"","background-repeat":"repeat","background-position":"center center","background-size":"auto","background-attachment":"scroll","background-type":"","background-media":"","overlay-type":"","overlay-color":"","overlay-opacity":"","overlay-gradient":""}},"footnotes":""},"class_list":["post-37","page","type-page","status-publish","hentry"],"jetpack_sharing_enabled":true,"meta_box":[],"_links":{"self":[{"href":"https:\/\/optransit.net\/es\/wp-json\/wp\/v2\/pages\/37","targetHints":{"allow":["GET"]}}],"collection":[{"href":"https:\/\/optransit.net\/es\/wp-json\/wp\/v2\/pages"}],"about":[{"href":"https:\/\/optransit.net\/es\/wp-json\/wp\/v2\/types\/page"}],"author":[{"embeddable":true,"href":"https:\/\/optransit.net\/es\/wp-json\/wp\/v2\/users\/33809"}],"replies":[{"embeddable":true,"href":"https:\/\/optransit.net\/es\/wp-json\/wp\/v2\/comments?post=37"}],"version-history":[{"count":59,"href":"https:\/\/optransit.net\/es\/wp-json\/wp\/v2\/pages\/37\/revisions"}],"predecessor-version":[{"id":782,"href":"https:\/\/optransit.net\/es\/wp-json\/wp\/v2\/pages\/37\/revisions\/782"}],"wp:attachment":[{"href":"https:\/\/optransit.net\/es\/wp-json\/wp\/v2\/media?parent=37"}],"curies":[{"name":"wp","href":"https:\/\/api.w.org\/{rel}","templated":true}]}}